{"id":1669,"date":"2021-09-23T15:04:37","date_gmt":"2021-09-23T15:04:37","guid":{"rendered":"https:\/\/www.newnote.pt\/about-us\/"},"modified":"2022-04-27T16:31:21","modified_gmt":"2022-04-27T16:31:21","slug":"about-us","status":"publish","type":"page","link":"https:\/\/www.newnote.pt\/en\/about-us\/","title":{"rendered":"About Us"},"content":{"rendered":"\n<p>NewNote Solutions is a company specialising in research, production, integration and implementation of high value added financial automation solutions, with a direct presence in Portugal and Spain, and operations in various European and African markets.<br\/>The solutions we offer these markets derive from worldwide leading platforms in their sector combined with the development of NewNote Solutions software and implementation, support and technical assistance services based on our resources.<br\/>100% self-owned, NewNote Solutions is proud to have personnel experienced in information systems and electronic payment, geared to enhancing the value of solutions designed based on cutting-edge technology, comprising provenly robust and highly reliable operational platforms.<\/p>\n\n<p class=\"mb-5\">In 2019, we established NewNote Solutions in Spain with a dedicated resource structure supported by an Iberian framework, which enables us to optimise our resources and deliver added value to our customers and partners. We are an Iberian brand operating in various East European and Portuguese-Speaking African markets, in particular Angola and S\u00e3o Tom\u00e9 e Pr\u00edncipe.<\/p>\n\n<div class=\"wp-block-group fullwidth bg-aliceblue\"><div class=\"wp-block-group__inner-container is-layout-flow wp-block-group-is-layout-flow\"><div class=\"wp-bootstrap-blocks-container container mb-0\">\n\t\n<div class=\"wp-bootstrap-blocks-row row\">\n\t\n\n<div class=\"col-12\">\n\t\t\t\n\n<h2 class=\"wp-block-heading\">Main Partnerships<\/h2>\n\n\t<\/div>\n\n<\/div>\n\n\n<div class=\"wp-bootstrap-blocks-row row\">\n\t\n\n<div class=\"col-6 col-sm-3 p-1 p-sm-5 text-center\">\n\t\t\t\n\n<figure class=\"wp-block-image size-full is-style-rounded\"><img loading=\"lazy\" decoding=\"async\" width=\"250\" height=\"83\" src=\"https:\/\/www.newnote.pt\/wp-content\/uploads\/2021\/09\/npt_logo.png\" alt=\"\" class=\"wp-image-75\"\/><\/figure>\n\t<\/div>\n\n\n\n<div class=\"col-6 col-sm-3 p-1 p-sm-5 text-center\">\n\t\t\t\n\n<figure class=\"wp-block-image size-full is-style-default\"><img loading=\"lazy\" decoding=\"async\" width=\"250\" height=\"83\" src=\"https:\/\/www.newnote.pt\/wp-content\/uploads\/2021\/09\/grg_logo.png\" alt=\"\" class=\"wp-image-76\"\/><\/figure>\n\t<\/div>\n\n\n\n<div class=\"col-6 col-sm-3 p-1 p-sm-5 text-center\">\n\t\t\t\n\n<figure class=\"wp-block-image size-full is-style-default\"><img loading=\"lazy\" decoding=\"async\" width=\"250\" height=\"83\" src=\"https:\/\/www.newnote.pt\/wp-content\/uploads\/2021\/09\/poynt_logo.png\" alt=\"\" class=\"wp-image-77\"\/><\/figure>\n\t<\/div>\n\n\n\n<div class=\"col-6 col-sm-3 p-1 p-sm-5 text-center\">\n\t\t\t\n\n<figure class=\"wp-block-image size-full is-style-default\"><img loading=\"lazy\" decoding=\"async\" width=\"250\" height=\"83\" src=\"https:\/\/www.newnote.pt\/wp-content\/uploads\/2021\/09\/docash_logo.png\" alt=\"\" class=\"wp-image-78\"\/><\/figure>\n\t<\/div>\n\n<\/div>\n\n\n<div class=\"wp-bootstrap-blocks-row row\">\n\t\n\n<div class=\"col-6 col-sm-4 p-1 p-sm-5 text-center\">\n\t\t\t\n\n<figure class=\"wp-block-image size-full is-style-default\"><img loading=\"lazy\" decoding=\"async\" width=\"250\" height=\"83\" src=\"https:\/\/www.newnote.pt\/wp-content\/uploads\/2021\/09\/easycount_logo.png\" alt=\"\" class=\"wp-image-85\"\/><\/figure>\n\t<\/div>\n\n\n\n<div class=\"col-6 col-sm-4 p-1 p-sm-5 text-center\">\n\t\t\t\n\n<figure class=\"wp-block-image size-full is-style-default\"><img loading=\"lazy\" decoding=\"async\" width=\"250\" height=\"83\" src=\"https:\/\/www.newnote.pt\/wp-content\/uploads\/2021\/09\/multicash_logo.png\" alt=\"\" class=\"wp-image-86\"\/><\/figure>\n\t<\/div>\n\n\n\n<div class=\"col-6 col-sm-4 p-1 p-sm-5 text-center\">\n\t\t\t\n\n<figure class=\"wp-block-image size-full is-style-default\"><img loading=\"lazy\" decoding=\"async\" width=\"250\" height=\"83\" src=\"https:\/\/www.newnote.pt\/wp-content\/uploads\/2021\/09\/spire_logo.png\" alt=\"\" class=\"wp-image-87\"\/><\/figure>\n\t<\/div>\n\n\n\n<div class=\"col-6 col-sm-3 p-1 p-sm-5 text-center\">\n\t\t\t\t<\/div>\n\n<\/div>\n\n<\/div>\n<\/div><\/div>\n\n<div class=\"history-timeline\">\n\t<div class=\"container\">\n\t\t<h3 class=\"header-history\">History<\/h3>\n\t\t<div class=\"row align-items-center\">\n\t\t\t<div class=\"col-md-5 order-3 order-sm-1 text-left p-4\">\n\t\t\t\t<div class=\"history-card\">NewNote Solutions started its business in 1978 as GAIN, a company of electronic engineering projects focused on the development of products and solutions for a new business line and developing market in Portugal in the financial sector.<\/div>\n\t\t\t<\/div>\n\t\t\t<div class=\"col-md-2 order-1 order-sm-2 text-center\">\n\t\t\t\t<div class=\"history-centerline\">\n\t\t\t\t\t<img decoding=\"async\" src=\"https:\/\/www.newnote.pt\/wp-content\/uploads\/2021\/09\/hist_start.png\" class=\"img-fluid\"\/><\/div>\n\t\t\t<\/div>\n\t\t\t<div class=\"col-md-5 order-2 order-sm-3 text-left p-4\">\n\t\t\t\t<h4>1978<\/h4>\n\t\t\t<\/div>\n\t\t<\/div>\n\t\t<div class=\"row align-items-center\">\n\t\t\t<div class=\"col-xs-12 order-2 order-sm-1 col-md-5 text-left text-sm-right p-4\">\n\t\t\t\t<h4>1990<\/h4>\n\t\t\t<\/div>\n\t\t\t<div class=\"col-xs-12 order-1 order-sm-2 col-md-2 text-center px-5\">\n\t\t\t\t<img decoding=\"async\" src=\"https:\/\/www.newnote.pt\/wp-content\/uploads\/2021\/09\/hist.png\" class=\"img-fluid\"\/><\/div>\n\t\t\t<div class=\"col-xs-12 order-3 order-sm-3 col-md-5 text-left p-4\">\n\t\t\t\t<div class=\"history-card\">Launch of the first Point of Sales Devices (Point of Sale or POS) in Portugal, called TP-90, which market the introduction of the acceptance of electronic payments in Portugal in the Multibanco system of SIBS and various Portuguese banks. A number of generations of terminals (TP-94, Futura, Elara, Prisma, PMB, TPG-01) were launched in the following years, supporting the sector&#8217;s evolutions, such as the EMV cards.<\/div>\n\t\t\t<\/div>\n\t\t<\/div>\n\t\t<div class=\"row align-items-center\">\n\t\t\t<div class=\"col-md-5 order-3 order-sm-1 text-left p-4\">\n\t\t\t\t<div class=\"history-card\">Business unit incorporation in ParaRede, one of the largest suppliers of IT solutions in Portugal at the time, enabling is to continue to develop our line of solutions and our market share in the Portuguese market, while also entering new markets like Angola where our TPA G6000 Europa was the first certified solution to reach this market.<\/div>\n\t\t\t<\/div>\n\t\t\t<div class=\"col-md-2 order-1 order-sm-2 text-center px-5\">\n\t\t\t\t<img decoding=\"async\" src=\"https:\/\/www.newnote.pt\/wp-content\/uploads\/2021\/09\/hist.png\" class=\"img-fluid\"\/><\/div>\n\t\t\t<div class=\"col-md-5 order-2 order-sm-3 text-left p-4\">\n\t\t\t\t<h4>2005<\/h4>\n\t\t\t<\/div>\n\t\t<\/div>\n\t\t<div class=\"row align-items-center\">\n\t\t\t<div class=\"col-md-5 order-2 order-sm-1 text-left text-sm-right p-4\">\n\t\t\t\t<h4>2008<\/h4>\n\t\t\t<\/div>\n\t\t\t<div class=\"col-md-2 order-1 order-sm-2 text-center px-5\">\n\t\t\t\t<img decoding=\"async\" src=\"https:\/\/www.newnote.pt\/wp-content\/uploads\/2021\/09\/hist.png\" class=\"img-fluid\"\/><\/div> <div class=\"col-md-5 order-3 order-sm-3 text-left p-4\">\n\t\t\t\t<div class=\"history-card\">The merger of ParaRede and Consiste gave rise to Glintt, where a Glintt-Technology Enabled Services unit would be inserted with the entire portfolio of electronic payment solutions.<\/div>\n\t\t\t<\/div>\n\t\t<\/div>\n\t\t<div class=\"row align-items-center\">\n\t\t\t<div class=\"col-md-5 order-3 order-sm-1 text-left p-4\">\n\t\t\t\t<div class=\"history-card\">Sales of Glintt TES to HCCM and creation of NewNote Solutions.<\/div>\n\t\t\t<\/div>\n\t\t\t<div class=\"col-md-2 order-1 order-sm-2 text-center px-5\">\n\t\t\t\t<img decoding=\"async\" src=\"https:\/\/www.newnote.pt\/wp-content\/uploads\/2021\/09\/hist.png\" class=\"img-fluid\"\/><\/div>\n\t\t\t<div class=\"col-md-5 order-2 order-sm-3 text-left p-4\">\n\t\t\t\t<h4>2015<\/h4>\n\t\t\t<\/div>\n\t\t<\/div>\n\t\t<div class=\"row align-items-center\">\n\t\t\t<div class=\"col-md-5 order-2 order-sm-1 text-left text-sm-right p-4\">\n\t\t\t\t<h4>2017<\/h4>\n\t\t\t<\/div>\n\t\t\t<div class=\"col-md-2 order-1 order-sm-2 text-center px-5\">\n\t\t\t\t<img decoding=\"async\" src=\"https:\/\/www.newnote.pt\/wp-content\/uploads\/2021\/09\/hist.png\" class=\"img-fluid\"\/><\/div>\n\t\t\t<div class=\"col-md-5 order-3 order-sm-3 text-left p-4\">\n\t\t\t\t\t<div class=\"history-card\">Through a management buy-out (MBO) procedure, NewNote Solutions was established as an independent company in the sector.<\/div>\n\t\t\t\t<\/div>\n\t\t\t<\/div>\n\t\t\t<div class=\"row align-items-center\">\n\t\t\t\t<div class=\"col-md-5 order-3 order-sm-1 text-left p-4\">\n\t\t\t\t\t<div class=\"history-card\">In 2019, we established NewNote Solutions in Spain with a dedicated resource structure supported by an Iberian framework, which enables us to optimise our resources and deliver added value to our customers and partners. As a natural consequence of our role in this market, we have sought various new initiatives and partnerships, allowing a larger range of solutions and businesses which are currently included in our overall offer of NewNote Solutions.<\/div>\n\t\t\t\t<\/div>\n\t\t\t\t<div class=\"col-md-2 order-1 order-sm-2 text-center px-5\">\n\t\t\t\t\t<img decoding=\"async\" src=\"https:\/\/www.newnote.pt\/wp-content\/uploads\/2021\/09\/hist.png\" class=\"img-fluid\"\/><\/div>\n\t\t\t\t<div class=\"col-md-5 order-1 order-sm-3 text-left p-4\">\n\t\t\t\t\t<h4>2019<\/h4>\n\t\t\t\t<\/div>\n\t\t\t<\/div>\n\t\t\t<div class=\"row align-items-center last-history\">\n\t\t\t\t<div class=\"col-md-5 order-1 order-sm-1 text-left text-sm-right p-4\">\n\t\t\t\t\t<h4>2020<\/h4>\n\t\t\t\t<\/div>\n\t\t\t\t<div class=\"col-md-2 order-3 order-sm-2 text-center px-4\">\n\t\t\t\t\t<img decoding=\"async\" src=\"https:\/\/www.newnote.pt\/wp-content\/uploads\/2021\/09\/hist_end.png\" class=\"img-fluid\"\/><\/div>\n\t\t\t\t<div class=\"col-md-5 order-2 order-sm-3 text-left p-4\">\n\t\t\t\t\t<div class=\"history-card\">New Markets in Europe and the Middle East achieved with record sales figures.<\/div>\n\t\t\t\t<\/div>\n\t\t\t<\/div>\n\t\t<\/div>\n\t<\/div>\n","protected":false},"excerpt":{"rendered":"<p>NewNote Solutions is a company specialising in research, production, integration and implementation of high value added financial automation solutions, with a direct presence in Portugal and Spain, and operations in various European and African markets.The solutions we offer these markets derive from worldwide leading platforms in their sector combined with the development of NewNote Solutions [&#8230;]<\/p>\n<p><a class=\"btn btn-secondary understrap-read-more-link\" href=\"https:\/\/www.newnote.pt\/en\/about-us\/\">Read More&#8230;<span class=\"screen-reader-text\"> from About Us<\/span><\/a><\/p>\n","protected":false},"author":1,"featured_media":0,"parent":0,"menu_order":0,"comment_status":"closed","ping_status":"closed","template":"","meta":{"footnotes":""},"class_list":["post-1669","page","type-page","status-publish","hentry"],"_links":{"self":[{"href":"https:\/\/www.newnote.pt\/en\/wp-json\/wp\/v2\/pages\/1669","targetHints":{"allow":["GET"]}}],"collection":[{"href":"https:\/\/www.newnote.pt\/en\/wp-json\/wp\/v2\/pages"}],"about":[{"href":"https:\/\/www.newnote.pt\/en\/wp-json\/wp\/v2\/types\/page"}],"author":[{"embeddable":true,"href":"https:\/\/www.newnote.pt\/en\/wp-json\/wp\/v2\/users\/1"}],"replies":[{"embeddable":true,"href":"https:\/\/www.newnote.pt\/en\/wp-json\/wp\/v2\/comments?post=1669"}],"version-history":[{"count":1,"href":"https:\/\/www.newnote.pt\/en\/wp-json\/wp\/v2\/pages\/1669\/revisions"}],"predecessor-version":[{"id":1670,"href":"https:\/\/www.newnote.pt\/en\/wp-json\/wp\/v2\/pages\/1669\/revisions\/1670"}],"wp:attachment":[{"href":"https:\/\/www.newnote.pt\/en\/wp-json\/wp\/v2\/media?parent=1669"}],"curies":[{"name":"wp","href":"https:\/\/api.w.org\/{rel}","templated":true}]}}