{"id":9652,"date":"2022-10-27T16:41:36","date_gmt":"2022-10-27T15:41:36","guid":{"rendered":"https:\/\/www.newnote.pt\/produto\/peliculas-de-proteccao-de-teclado-p-spu90\/"},"modified":"2022-10-27T15:41:36","modified_gmt":"2022-10-27T15:41:36","slug":"peliculas-de-proteccao-de-teclado-p-spu90","status":"publish","type":"product","link":"https:\/\/www.newnote.pt\/en\/produto\/peliculas-de-proteccao-de-teclado-p-spu90\/","title":{"rendered":"Pel\u00edculas de protec\u00e7\u00e3o de Teclado p\/ SPu90"},"content":{"rendered":"<p>Pel\u00edcula de prote\u00e7\u00e3o do Teclado do SPu90<\/p>\n","protected":false},"excerpt":{"rendered":"<p>Pel\u00edcula de prote\u00e7\u00e3o do Teclado do SPu90 [&#8230;]<\/p>\n<p><a class=\"btn btn-secondary understrap-read-more-link\" href=\"https:\/\/www.newnote.pt\/en\/produto\/peliculas-de-proteccao-de-teclado-p-spu90\/\">Read More&#8230;<span class=\"screen-reader-text\"> from Pel\u00edculas de protec\u00e7\u00e3o de Teclado p\/ SPu90<\/span><\/a><\/p>\n","protected":false},"featured_media":15089,"template":"","meta":[],"product_brand":[],"product_cat":[120],"product_tag":[],"class_list":{"0":"post-9652","1":"product","2":"type-product","3":"status-publish","4":"has-post-thumbnail","6":"product_cat-protective-film-en","8":"first","9":"instock","10":"taxable","11":"shipping-taxable","12":"purchasable","13":"product-type-variable"},"_links":{"self":[{"href":"https:\/\/www.newnote.pt\/en\/wp-json\/wp\/v2\/product\/9652","targetHints":{"allow":["GET"]}}],"collection":[{"href":"https:\/\/www.newnote.pt\/en\/wp-json\/wp\/v2\/product"}],"about":[{"href":"https:\/\/www.newnote.pt\/en\/wp-json\/wp\/v2\/types\/product"}],"wp:featuredmedia":[{"embeddable":true,"href":"https:\/\/www.newnote.pt\/en\/wp-json\/wp\/v2\/media\/15089"}],"wp:attachment":[{"href":"https:\/\/www.newnote.pt\/en\/wp-json\/wp\/v2\/media?parent=9652"}],"wp:term":[{"taxonomy":"product_brand","embeddable":true,"href":"https:\/\/www.newnote.pt\/en\/wp-json\/wp\/v2\/product_brand?post=9652"},{"taxonomy":"product_cat","embeddable":true,"href":"https:\/\/www.newnote.pt\/en\/wp-json\/wp\/v2\/product_cat?post=9652"},{"taxonomy":"product_tag","embeddable":true,"href":"https:\/\/www.newnote.pt\/en\/wp-json\/wp\/v2\/product_tag?post=9652"}],"curies":[{"name":"wp","href":"https:\/\/api.w.org\/{rel}","templated":true}]}}