{"id":1672,"date":"2021-09-23T15:04:37","date_gmt":"2021-09-23T15:04:37","guid":{"rendered":"https:\/\/www.newnote.pt\/sobre-nosotros\/"},"modified":"2022-04-27T16:54:21","modified_gmt":"2022-04-27T16:54:21","slug":"sobre-nosotros","status":"publish","type":"page","link":"https:\/\/www.newnote.pt\/es\/sobre-nosotros\/","title":{"rendered":"Sobre Nosotros"},"content":{"rendered":"\n<p>NewNote Solutions es una empresa especializada en investigar, producir, integrar e implementar soluciones de automatizaci\u00f3n financiera de alto valor a\u00f1adido, con presencia directa en Portugal y en Espa\u00f1a, y que opera en diversos mercados europeos y africanos.<br\/>Las soluciones que ofrecemos para estos mercados se derivan de plataformas de l\u00edderes mundiales en su sector combinadas con el desarrollo de software NewNote Solutions, junto con servicios de implementaci\u00f3n, soporte y asistencia t\u00e9cnica basados \u200b\u200ben recursos propios.<br\/>Con capital 100 % propio, NewNote Solutions es una organizaci\u00f3n que se enorgullece de contar con personal con experiencia en el campo de los sistemas de informaci\u00f3n y pagos electr\u00f3nicos, dedicada a a\u00f1adir valor a las soluciones dise\u00f1adas con base en tecnolog\u00eda de vanguardia, constituyendo plataformas operativas de probada robustez y alta fiabilidad.<\/p>\n\n<p class=\"mb-5\">En 2019, establecimos NewNote Solutions en Espa\u00f1a, con una estructura de recursos dedicada respaldada por una estructura ib\u00e9rica que nos permite optimizar nuestros recursos y ofrecer valor a\u00f1adido a nuestros clientes y socios. Somos una empresa ib\u00e9rica con operaciones en varios mercados de Europa del Este adem\u00e1s de los mercados africanos de habla portuguesa, con \u00e9nfasis en Angola y Santo Tom\u00e9 y Pr\u00edncipe.<\/p>\n\n<div class=\"wp-block-group fullwidth bg-aliceblue\"><div class=\"wp-block-group__inner-container is-layout-flow wp-block-group-is-layout-flow\"><div class=\"wp-bootstrap-blocks-container container mb-0\">\n\t\n<div class=\"wp-bootstrap-blocks-row row\">\n\t\n\n<div class=\"col-12\">\n\t\t\t\n\n<h2 class=\"wp-block-heading\">PRINCIPALES COLABORACIONES<\/h2>\n\n\t<\/div>\n\n<\/div>\n\n\n<div class=\"wp-bootstrap-blocks-row row\">\n\t\n\n<div class=\"col-6 col-sm-3 p-1 p-sm-5 text-center\">\n\t\t\t\n\n<figure class=\"wp-block-image size-full is-style-rounded\"><img loading=\"lazy\" decoding=\"async\" width=\"250\" height=\"83\" src=\"https:\/\/www.newnote.pt\/wp-content\/uploads\/2021\/09\/npt_logo.png\" alt=\"\" class=\"wp-image-75\"\/><\/figure>\n\t<\/div>\n\n\n\n<div class=\"col-6 col-sm-3 p-1 p-sm-5 text-center\">\n\t\t\t\n\n<figure class=\"wp-block-image size-full is-style-default\"><img loading=\"lazy\" decoding=\"async\" width=\"250\" height=\"83\" src=\"https:\/\/www.newnote.pt\/wp-content\/uploads\/2021\/09\/grg_logo.png\" alt=\"\" class=\"wp-image-76\"\/><\/figure>\n\t<\/div>\n\n\n\n<div class=\"col-6 col-sm-3 p-1 p-sm-5 text-center\">\n\t\t\t\n\n<figure class=\"wp-block-image size-full is-style-default\"><img loading=\"lazy\" decoding=\"async\" width=\"250\" height=\"83\" src=\"https:\/\/www.newnote.pt\/wp-content\/uploads\/2021\/09\/poynt_logo.png\" alt=\"\" class=\"wp-image-77\"\/><\/figure>\n\t<\/div>\n\n\n\n<div class=\"col-6 col-sm-3 p-1 p-sm-5 text-center\">\n\t\t\t\n\n<figure class=\"wp-block-image size-full is-style-default\"><img loading=\"lazy\" decoding=\"async\" width=\"250\" height=\"83\" src=\"https:\/\/www.newnote.pt\/wp-content\/uploads\/2021\/09\/docash_logo.png\" alt=\"\" class=\"wp-image-78\"\/><\/figure>\n\t<\/div>\n\n<\/div>\n\n\n<div class=\"wp-bootstrap-blocks-row row\">\n\t\n\n<div class=\"col-6 col-sm-4 p-1 p-sm-5 text-center\">\n\t\t\t\n\n<figure class=\"wp-block-image size-full is-style-default\"><img loading=\"lazy\" decoding=\"async\" width=\"250\" height=\"83\" src=\"https:\/\/www.newnote.pt\/wp-content\/uploads\/2021\/09\/easycount_logo.png\" alt=\"\" class=\"wp-image-85\"\/><\/figure>\n\t<\/div>\n\n\n\n<div class=\"col-6 col-sm-4 p-1 p-sm-5 text-center\">\n\t\t\t\n\n<figure class=\"wp-block-image size-full is-style-default\"><img loading=\"lazy\" decoding=\"async\" width=\"250\" height=\"83\" src=\"https:\/\/www.newnote.pt\/wp-content\/uploads\/2021\/09\/multicash_logo.png\" alt=\"\" class=\"wp-image-86\"\/><\/figure>\n\t<\/div>\n\n\n\n<div class=\"col-6 col-sm-4 p-1 p-sm-5 text-center\">\n\t\t\t\n\n<figure class=\"wp-block-image size-full is-style-default\"><img loading=\"lazy\" decoding=\"async\" width=\"250\" height=\"83\" src=\"https:\/\/www.newnote.pt\/wp-content\/uploads\/2021\/09\/spire_logo.png\" alt=\"\" class=\"wp-image-87\"\/><\/figure>\n\t<\/div>\n\n\n\n<div class=\"col-6 col-sm-3 p-1 p-sm-5 text-center\">\n\t\t\t\t<\/div>\n\n<\/div>\n\n<\/div>\n<\/div><\/div>\n\n<div class=\"history-timeline\">\n\t<div class=\"container\">\n\t\t<h3 class=\"header-history\">Historia<\/h3>\n\t\t<div class=\"row align-items-center\">\n\t\t\t<div class=\"col-md-5 order-3 order-sm-1 text-left p-4\">\n\t\t\t\t<div class=\"history-card\">NewNote Solutions comenz\u00f3 su actividad en 1978 como GAIN, siendo una empresa de proyectos de ingenier\u00eda electr\u00f3nica dedicada al desarrollo de productos y soluciones para una nueva l\u00ednea de negocio y mercado en desarrollo en Portugal en el sector financiero.<\/div>\n\t\t\t<\/div>\n\t\t\t<div class=\"col-md-2 order-1 order-sm-2 text-center\">\n\t\t\t\t<div class=\"history-centerline\">\n\t\t\t\t\t<img decoding=\"async\" src=\"https:\/\/www.newnote.pt\/wp-content\/uploads\/2021\/09\/hist_start.png\" class=\"img-fluid\"\/><\/div>\n\t\t\t<\/div>\n\t\t\t<div class=\"col-md-5 order-2 order-sm-3 text-left p-4\">\n\t\t\t\t<h4>1978<\/h4>\n\t\t\t<\/div>\n\t\t<\/div>\n\t\t<div class=\"row align-items-center\">\n\t\t\t<div class=\"col-xs-12 order-2 order-sm-1 col-md-5 text-left text-sm-right p-4\">\n\t\t\t\t<h4>1990<\/h4>\n\t\t\t<\/div>\n\t\t\t<div class=\"col-xs-12 order-1 order-sm-2 col-md-2 text-center px-5\">\n\t\t\t\t<img decoding=\"async\" src=\"https:\/\/www.newnote.pt\/wp-content\/uploads\/2021\/09\/hist.png\" class=\"img-fluid\"\/><\/div>\n\t\t\t<div class=\"col-xs-12 order-3 order-sm-3 col-md-5 text-left p-4\">\n\t\t\t\t<div class=\"history-card\">Lanzamiento de los primeros Terminales de Pago Autom\u00e1tico (TPA) en Portugal, denominados TP-90 y que marc\u00f3 la introducci\u00f3n de la aceptaci\u00f3n de pagos electr\u00f3nicos en Portugal en la red Multibanco de SIBS y los distintos bancos portugueses. En los a\u00f1os siguientes se lanzaron varias generaciones de terminales (TP-94, Futura, Elara, Prisma, PMB, TPG-01), que fueron apoyando la evoluci\u00f3n del sector, como las tarjetas EMV.<\/div>\n\t\t\t<\/div>\n\t\t<\/div>\n\t\t<div class=\"row align-items-center\">\n\t\t\t<div class=\"col-md-5 order-3 order-sm-1 text-left p-4\">\n\t\t\t\t<div class=\"history-card\">Incorporaci\u00f3n de una unidad de negocio en ParaRede, en ese momento uno de los mayores proveedores de soluciones de TI en Portugal y que nos permiti\u00f3 seguir desarrollando nuestra l\u00ednea de soluciones y nuestra cuota de mercado en el mercado portugu\u00e9s, y tambi\u00e9n para llegar a nuevos mercados como Angola, donde nuestro TPA G6000 Europa fue la primera soluci\u00f3n certificada en llegar a dicho mercado.<\/div>\n\t\t\t<\/div>\n\t\t\t<div class=\"col-md-2 order-1 order-sm-2 text-center px-5\">\n\t\t\t\t<img decoding=\"async\" src=\"https:\/\/www.newnote.pt\/wp-content\/uploads\/2021\/09\/hist.png\" class=\"img-fluid\"\/><\/div>\n\t\t\t<div class=\"col-md-5 order-2 order-sm-3 text-left p-4\">\n\t\t\t\t<h4>2005<\/h4>\n\t\t\t<\/div>\n\t\t<\/div>\n\t\t<div class=\"row align-items-center\">\n\t\t\t<div class=\"col-md-5 order-2 order-sm-1 text-left text-sm-right p-4\">\n\t\t\t\t<h4>2008<\/h4>\n\t\t\t<\/div>\n\t\t\t<div class=\"col-md-2 order-1 order-sm-2 text-center px-5\">\n\t\t\t\t<img decoding=\"async\" src=\"https:\/\/www.newnote.pt\/wp-content\/uploads\/2021\/09\/hist.png\" class=\"img-fluid\"\/><\/div> <div class=\"col-md-5 order-3 order-sm-3 text-left p-4\">\n\t\t\t\t<div class=\"history-card\">De la fusi\u00f3n entre ParaRede y Consiste naci\u00f3 Glintt, a la que se incorpor\u00f3 la unidad Glintt-Technology Enabled Services con todo el portafolio de soluciones de pagos electr\u00f3nicos.<\/div>\n\t\t\t<\/div>\n\t\t<\/div>\n\t\t<div class=\"row align-items-center\">\n\t\t\t<div class=\"col-md-5 order-3 order-sm-1 text-left p-4\">\n\t\t\t\t<div class=\"history-card\">Venta de Glintt TES a HCCM y creaci\u00f3n de NewNote Solutions.<\/div>\n\t\t\t<\/div>\n\t\t\t<div class=\"col-md-2 order-1 order-sm-2 text-center px-5\">\n\t\t\t\t<img decoding=\"async\" src=\"https:\/\/www.newnote.pt\/wp-content\/uploads\/2021\/09\/hist.png\" class=\"img-fluid\"\/><\/div>\n\t\t\t<div class=\"col-md-5 order-2 order-sm-3 text-left p-4\">\n\t\t\t\t<h4>2015<\/h4>\n\t\t\t<\/div>\n\t\t<\/div>\n\t\t<div class=\"row align-items-center\">\n\t\t\t<div class=\"col-md-5 order-2 order-sm-1 text-left text-sm-right p-4\">\n\t\t\t\t<h4>2017<\/h4>\n\t\t\t<\/div>\n\t\t\t<div class=\"col-md-2 order-1 order-sm-2 text-center px-5\">\n\t\t\t\t<img decoding=\"async\" src=\"https:\/\/www.newnote.pt\/wp-content\/uploads\/2021\/09\/hist.png\" class=\"img-fluid\"\/><\/div>\n\t\t\t<div class=\"col-md-5 order-3 order-sm-3 text-left p-4\">\n\t\t\t\t\t<div class=\"history-card\">Mediante un proceso MBO, NewNote Solutions se ha consolidado como una empresa independiente en el sector.<\/div>\n\t\t\t\t<\/div>\n\t\t\t<\/div>\n\t\t\t<div class=\"row align-items-center\">\n\t\t\t\t<div class=\"col-md-5 order-3 order-sm-1 text-left p-4\">\n\t\t\t\t\t<div class=\"history-card\">En 2019, establecimos NewNote Solutions en Espa\u00f1a con una estructura de recursos dedicada respaldada por una estructura ib\u00e9rica que nos permite optimizar nuestros recursos y ofrecer valor a\u00f1adido a nuestros clientes y socios. Como consecuencia natural de nuestro papel en este mercado, hemos estado buscando varias iniciativas y colaboraciones nuevas, que permitan una gama m\u00e1s amplia de soluciones y negocios, que hoy son una parte integral de la oferta global de NewNote Solutions.<\/div>\n\t\t\t\t<\/div>\n\t\t\t\t<div class=\"col-md-2 order-1 order-sm-2 text-center px-5\">\n\t\t\t\t\t<img decoding=\"async\" src=\"https:\/\/www.newnote.pt\/wp-content\/uploads\/2021\/09\/hist.png\" class=\"img-fluid\"\/><\/div>\n\t\t\t\t<div class=\"col-md-5 order-1 order-sm-3 text-left p-4\">\n\t\t\t\t\t<h4>2019<\/h4>\n\t\t\t\t<\/div>\n\t\t\t<\/div>\n\t\t\t<div class=\"row align-items-center last-history\">\n\t\t\t\t<div class=\"col-md-5 order-1 order-sm-1 text-left text-sm-right p-4\">\n\t\t\t\t\t<h4>2020<\/h4>\n\t\t\t\t<\/div>\n\t\t\t\t<div class=\"col-md-2 order-3 order-sm-2 text-center px-4\">\n\t\t\t\t\t<img decoding=\"async\" src=\"https:\/\/www.newnote.pt\/wp-content\/uploads\/2021\/09\/hist_end.png\" class=\"img-fluid\"\/><\/div>\n\t\t\t\t<div class=\"col-md-5 order-2 order-sm-3 text-left p-4\">\n\t\t\t\t\t<div class=\"history-card\">Nuevos mercados en Europa y Medio Oriente logrados a trav\u00e9s de ventas r\u00e9cord.<\/div>\n\t\t\t\t<\/div>\n\t\t\t<\/div>\n\t\t<\/div>\n\t<\/div>\n","protected":false},"excerpt":{"rendered":"<p>NewNote Solutions es una empresa especializada en investigar, producir, integrar e implementar soluciones de automatizaci\u00f3n financiera de alto valor a\u00f1adido, con presencia directa en Portugal y en Espa\u00f1a, y que opera en diversos mercados europeos y africanos.Las soluciones que ofrecemos para estos mercados se derivan de plataformas de l\u00edderes mundiales en su sector combinadas con [&#8230;]<\/p>\n<p><a class=\"btn btn-secondary understrap-read-more-link\" href=\"https:\/\/www.newnote.pt\/es\/sobre-nosotros\/\">Leer m\u00e1s&#8230;<span class=\"screen-reader-text\"> from Sobre Nosotros<\/span><\/a><\/p>\n","protected":false},"author":1,"featured_media":0,"parent":0,"menu_order":0,"comment_status":"closed","ping_status":"closed","template":"","meta":{"footnotes":""},"class_list":["post-1672","page","type-page","status-publish","hentry"],"_links":{"self":[{"href":"https:\/\/www.newnote.pt\/es\/wp-json\/wp\/v2\/pages\/1672","targetHints":{"allow":["GET"]}}],"collection":[{"href":"https:\/\/www.newnote.pt\/es\/wp-json\/wp\/v2\/pages"}],"about":[{"href":"https:\/\/www.newnote.pt\/es\/wp-json\/wp\/v2\/types\/page"}],"author":[{"embeddable":true,"href":"https:\/\/www.newnote.pt\/es\/wp-json\/wp\/v2\/users\/1"}],"replies":[{"embeddable":true,"href":"https:\/\/www.newnote.pt\/es\/wp-json\/wp\/v2\/comments?post=1672"}],"version-history":[{"count":1,"href":"https:\/\/www.newnote.pt\/es\/wp-json\/wp\/v2\/pages\/1672\/revisions"}],"predecessor-version":[{"id":1673,"href":"https:\/\/www.newnote.pt\/es\/wp-json\/wp\/v2\/pages\/1672\/revisions\/1673"}],"wp:attachment":[{"href":"https:\/\/www.newnote.pt\/es\/wp-json\/wp\/v2\/media?parent=1672"}],"curies":[{"name":"wp","href":"https:\/\/api.w.org\/{rel}","templated":true}]}}