{"id":1762,"date":"2022-03-10T17:52:47","date_gmt":"2022-03-10T17:52:47","guid":{"rendered":"https:\/\/www.newnote.pt\/dispensador-de-cajero-automatico\/"},"modified":"2022-09-27T13:57:13","modified_gmt":"2022-09-27T13:57:13","slug":"dispensador-de-cajero-automatico","status":"publish","type":"page","link":"https:\/\/www.newnote.pt\/es\/dispensador-de-cajero-automatico\/","title":{"rendered":"Dispensador de cajero autom\u00e1tico"},"content":{"rendered":"\n<p>NewNote ofrece al sector financiero un socio de elecci\u00f3n para el desaf\u00edo de la revoluci\u00f3n tecnol\u00f3gica, con soluciones de autoservicio para entornos bancarios y con la posible desmaterializaci\u00f3n de procesos y servicios altamente aut\u00f3nomos y de alta disponibilidad.<\/p>\n\n<p>NewNote Solutions ha establecido un acuerdo de representaci\u00f3n de GRGBanking para Portugal y Espa\u00f1a, trayendo as\u00ed al mercado ib\u00e9rico las soluciones de cajeros autom\u00e1ticos, automatizaci\u00f3n de sucursales y Retail Self-Service del 2. \u00ba mayor fabricante del mundo y el mayor fabricante chino con m\u00e1s de 20 a\u00f1os de experiencia en el desarrollo de soluciones innovadoras, seguras y reconocidas por el mercado como de alta calidad.<\/p>\n\n<p>Los productos y soluciones de GRG se utilizan ampliamente en m\u00e1s de 80 pa\u00edses y regiones de todo el mundo, con m\u00e1s de 220 000 m\u00e1quinas instaladas. Las soluciones integrales de GRG se han utilizado ampliamente en el sector financiero, de telecomunicaciones y minorista. GRG tiene sucursales o subsidiarias en diferentes \u00e1reas y en diferentes pa\u00edses, incluyendo Alemania, Turqu\u00eda, M\u00e9xico, Rusia, Singapur, Hong Kong, Indonesia, Vietnam y Oriente Medio, adem\u00e1s de una fuerza laboral de m\u00e1s de 20 000 empleados de GRG en todo el mundo.<\/p>\n\n<p>GRG cuenta con una red de laboratorios de investigaci\u00f3n y desarrollo, denominada GRG R&amp;D Institute con m\u00e1s de 20 laboratorios, que investigan nuevas soluciones junto con un monitoreo constante de la adecuaci\u00f3n de las soluciones existentes a las necesidades de varios clientes y socios en todo el mundo Gracias a los m\u00e1s de 800 ingenieros involucrados en investigaci\u00f3n y desarrollo y a tres centros de pruebas en Pek\u00edn, Shangh\u00e1i y Guangzhou, el instituto de I+D ha desarrollado de forma independiente m\u00e1s de 40 m\u00f3dulos centrales y ha aplicado m\u00e1s de 1200 patentes.<\/p>\n\n<p>La calidad de sus productos siempre ha sido la piedra angular del desarrollo de GRG. Para lograrlo, GRG opera con los m\u00e1s rigurosos patrones y requisitos exigidos por el sector, realizando inspecciones a lo largo de todo el proceso de fabricaci\u00f3n y en la etapa de producto final.<\/p>\n\n<p>Al ser uno de los principales miembros del foro CEN \/ XFS y ATMIA, GRG ha desarrollado alianzas estrat\u00e9gicas con algunas empresas de fama mundial para mejorar la competitividad de sus l\u00edneas de productos. GRG cumple plenamente con los principales patrones internacionales del sector, como ISO, PCI, EMV, UL, FCC, CE, CEN, CB, RCM y RoHS.<\/p>\n\n<p>Gracias a su excelente desempe\u00f1o, seguridad integral, mantenimiento econ\u00f3mico y dise\u00f1o optimizado, las soluciones de ATM de GRG est\u00e1n presentes en m\u00e1s de 80 pa\u00edses en todo el mundo y, desde 2008, GRG es la marca de cajeros autom\u00e1ticos n\u00famero 1 en China, alcanzando el 27,85 % de cuota de mercado.<\/p>\n\n<div class=\"wp-block-group fullwidth bg-aliceblue mt-5\"><div class=\"wp-block-group__inner-container is-layout-flow wp-block-group-is-layout-flow\"><div class=\"wp-bootstrap-blocks-container container mb-0\">\n\t\n<div class=\"wp-bootstrap-blocks-row row g-0\">\n\t\n\n<div class=\"col-12 col-md-9\">\n\t\t\t\n\n<h4 class=\"wp-block-heading\">H22V Series Multi-function Cash Dispenser<\/h4>\n\n\n\n<p>Con un rendimiento robusto y una excelente disponibilidad, los cajeros autom\u00e1ticos H22V se han dise\u00f1ado con miras a su implementaci\u00f3n en redes de cajeros autom\u00e1ticos con un enfoque en el rendimiento, en la alta disponibilidad y en bajos costos de mantenimiento.<\/p>\n\n\n\n<div class=\"wp-block-file btn btn-newnote\"><a id=\"wp-block-file--media-aeb86dec-d84e-4276-a04d-76497f980f5c\" href=\"https:\/\/www.newnote.pt\/wp-content\/uploads\/2022\/03\/NewNote_H22V.pdf\" target=\"_blank\" rel=\"noreferrer noopener\">Hoja de datos<\/a><\/div>\n\n\n<a href=\"#gb-gallery-50607086\" id=\"gb-gallery-50607086\" data-images=\"[&quot;https:\/\/www.newnote.pt\/wp-content\/uploads\/2022\/03\/H22V-1.jpeg&quot;, &quot;https:\/\/www.newnote.pt\/wp-content\/uploads\/2022\/03\/H22V-2.jpeg&quot;, &quot;https:\/\/www.newnote.pt\/wp-content\/uploads\/2022\/03\/H22V-3.jpeg&quot;, &quot;https:\/\/www.newnote.pt\/wp-content\/uploads\/2022\/03\/H22V-4.jpeg&quot;, &quot;https:\/\/www.newnote.pt\/wp-content\/uploads\/2022\/03\/H22V-5.jpeg&quot;, &quot;https:\/\/www.newnote.pt\/wp-content\/uploads\/2022\/03\/H22V-6.jpeg&quot;, &quot;https:\/\/www.newnote.pt\/wp-content\/uploads\/2022\/03\/H22V-7.jpeg&quot;, &quot;https:\/\/www.newnote.pt\/wp-content\/uploads\/2022\/03\/H22V-8.jpeg&quot;, &quot;https:\/\/www.newnote.pt\/wp-content\/uploads\/2022\/03\/H22V-9.jpeg&quot;, &quot;https:\/\/www.newnote.pt\/wp-content\/uploads\/2022\/03\/H22V-10.jpeg&quot;]\" class=\"gb-gallery btn btn-newnote\">Galeria de Imagens<\/a>\n\n\t<\/div>\n\n\n\n<div class=\"col-12 col-md-3\">\n\t\t\t\n\n<figure class=\"wp-block-image size-full\"><img decoding=\"async\" src=\"https:\/\/www.newnote.pt\/wp-content\/uploads\/2022\/03\/h22v.png\" alt=\"\" class=\"wp-image-593\"\/><\/figure>\n\t<\/div>\n\n<\/div>\n\n<\/div>\n<\/div><\/div>\n\n<div class=\"wp-block-group fullwidth bg-lightaliceblue\"><div class=\"wp-block-group__inner-container is-layout-flow wp-block-group-is-layout-flow\"><div class=\"wp-bootstrap-blocks-container container mb-0\">\n\t\n<div class=\"wp-bootstrap-blocks-row row g-0\">\n\t\n\n<div class=\"col-12 col-md-9\">\n\t\t\t\n\n<h4 class=\"wp-block-heading\">H22N Series Versatile Cash Dispenser<\/h4>\n\n\n\n<p>Dispensador de cajero autom\u00e1tico vers\u00e1til &#8211; Dispensador de nivel de entrada (ELD &#8211; SIBS)<\/p>\n\n\n\n<p>en la pared (TTW) e independiente (FS)<\/p>\n\n\n\n<p>El cajero autom\u00e1tico H22N es una soluci\u00f3n de dispensador de cajero autom\u00e1tico moderna y altamente robusta, certificada seg\u00fan los patrones internacionales y aprobada en la oferta SIBS para el mercado portugu\u00e9s con la referencia ELD (Dispensador de nivel de entrada). Con altos niveles de seguridad, con tasas de disponibilidad perfectas y ofreciendo el \u00e1rea t\u00e9cnica m\u00e1s peque\u00f1a dentro de los cajeros autom\u00e1ticos en este sector, es una opci\u00f3n obvia en t\u00e9rminos de calidad, robustez y rendimiento.<\/p>\n\n\n\n<p>Gran capacidad de almacenamiento (hasta 4 casetes con 3000 billetes cada uno) para un m\u00e1ximo de 14 000 billetes en cuanto a capacidad de distribuci\u00f3n.<\/p>\n\n\n\n<p>Velocidad de procesamiento de hasta 7 billetes por segundo. Hasta 60 billetes por transacci\u00f3n Dispositivos antiskimming y anticashtrapping<\/p>\n\n\n\n<p>Cajas fuertes de alta seguridad CEN IV y UL<\/p>\n\n\n\n<p>Soporte OCR (Reconocimiento \u00d3ptico de Caracteres) para rastreo de n\u00famero de serie (antifraude)<\/p>\n\n\n\n<p>Configuraciones de lobby y TTR (Thru The Wall)<\/p>\n\n\n\n<div class=\"wp-block-file btn btn-newnote\"><a id=\"wp-block-file--media-eff42263-d245-4193-a4ef-51fe8deb8362\" href=\"https:\/\/www.newnote.pt\/wp-content\/uploads\/2022\/03\/NewNote_H22N.pdf\" target=\"_blank\" rel=\"noreferrer noopener\">Hoja de datos<\/a><\/div>\n\n\n<a href=\"#gb-gallery-396998583\" id=\"gb-gallery-396998583\" data-images=\"[&quot;https:\/\/www.newnote.pt\/wp-content\/uploads\/2022\/03\/H22N-1.jpeg&quot;, &quot;https:\/\/www.newnote.pt\/wp-content\/uploads\/2022\/03\/H22N-2.jpeg&quot;, &quot;https:\/\/www.newnote.pt\/wp-content\/uploads\/2022\/03\/H22N-3.jpeg&quot;, &quot;https:\/\/www.newnote.pt\/wp-content\/uploads\/2022\/03\/H22N-4.jpeg&quot;, &quot;https:\/\/www.newnote.pt\/wp-content\/uploads\/2022\/03\/H22N-5.jpeg&quot;]\" class=\"gb-gallery btn btn-newnote\">Galeria de Imagens<\/a>\n\n\t<\/div>\n\n\n\n<div class=\"col-12 col-md-3\">\n\t\t\t\n\n<figure class=\"wp-block-image size-full\"><img decoding=\"async\" src=\"https:\/\/www.newnote.pt\/wp-content\/uploads\/2022\/03\/h22n.png\" alt=\"\" class=\"wp-image-592\"\/><\/figure>\n\t<\/div>\n\n<\/div>\n\n<\/div>\n<\/div><\/div>\n","protected":false},"excerpt":{"rendered":"<p>NewNote ofrece al sector financiero un socio de elecci\u00f3n para el desaf\u00edo de la revoluci\u00f3n tecnol\u00f3gica, con soluciones de autoservicio para entornos bancarios y con la posible desmaterializaci\u00f3n de procesos y servicios altamente aut\u00f3nomos y de alta disponibilidad. NewNote Solutions ha establecido un acuerdo de representaci\u00f3n de GRGBanking para Portugal y Espa\u00f1a, trayendo as\u00ed al [&#8230;]<\/p>\n<p><a class=\"btn btn-secondary understrap-read-more-link\" href=\"https:\/\/www.newnote.pt\/es\/dispensador-de-cajero-automatico\/\">Leer m\u00e1s&#8230;<span class=\"screen-reader-text\"> from Dispensador de cajero autom\u00e1tico<\/span><\/a><\/p>\n","protected":false},"author":1,"featured_media":0,"parent":0,"menu_order":0,"comment_status":"closed","ping_status":"closed","template":"","meta":{"footnotes":""},"class_list":["post-1762","page","type-page","status-publish","hentry"],"_links":{"self":[{"href":"https:\/\/www.newnote.pt\/es\/wp-json\/wp\/v2\/pages\/1762","targetHints":{"allow":["GET"]}}],"collection":[{"href":"https:\/\/www.newnote.pt\/es\/wp-json\/wp\/v2\/pages"}],"about":[{"href":"https:\/\/www.newnote.pt\/es\/wp-json\/wp\/v2\/types\/page"}],"author":[{"embeddable":true,"href":"https:\/\/www.newnote.pt\/es\/wp-json\/wp\/v2\/users\/1"}],"replies":[{"embeddable":true,"href":"https:\/\/www.newnote.pt\/es\/wp-json\/wp\/v2\/comments?post=1762"}],"version-history":[{"count":1,"href":"https:\/\/www.newnote.pt\/es\/wp-json\/wp\/v2\/pages\/1762\/revisions"}],"predecessor-version":[{"id":1763,"href":"https:\/\/www.newnote.pt\/es\/wp-json\/wp\/v2\/pages\/1762\/revisions\/1763"}],"wp:attachment":[{"href":"https:\/\/www.newnote.pt\/es\/wp-json\/wp\/v2\/media?parent=1762"}],"curies":[{"name":"wp","href":"https:\/\/api.w.org\/{rel}","templated":true}]}}