{"id":1766,"date":"2022-03-10T18:16:52","date_gmt":"2022-03-10T18:16:52","guid":{"rendered":"https:\/\/www.newnote.pt\/reciclador-de-efectivo-de-sucursal\/"},"modified":"2022-09-27T14:08:41","modified_gmt":"2022-09-27T14:08:41","slug":"reciclador-de-efectivo-de-sucursal","status":"publish","type":"page","link":"https:\/\/www.newnote.pt\/es\/reciclador-de-efectivo-de-sucursal\/","title":{"rendered":"Reciclador de efectivo de sucursal"},"content":{"rendered":"\n<p>A medida que se modernizan las sucursales bancarias y se implementan nuevos entornos de atenci\u00f3n con requisitos muy espec\u00edficos en t\u00e9rminos de ergonom\u00eda y espacio, la tecnolog\u00eda de reciclado de efectivo se debe dise\u00f1ar de tal forma que se adapte a \u00e1reas con un espacio m\u00e1s restringido.<\/p>\n\n<p>Al proporcionar una alta eficiencia de procesamiento, gran capacidad y gran capacidad de reciclado de efectivo, las soluciones TCR de GRGBanking son ideales para que las instituciones financieras cumplan con los requisitos de automatizaci\u00f3n de sus sucursales y creen un entorno perfecto para centrarse m\u00e1s en el servicio al cliente y en las ventas de productos financieros y asociados.<\/p>\n\n<p>Optimizaci\u00f3n de configuraciones Configurable de manera flexible solo para dep\u00f3sito en efectivo, solo dispensaci\u00f3n de efectivo y dep\u00f3sito en efectivo y dispensaci\u00f3n o reciclado de efectivo, cumpliendo con facilidad los requisitos de diferentes regulaciones y redes de transacciones.<\/p>\n\n<p>Innovaci\u00f3n y bajo costo total de propiedad al permitir la administraci\u00f3n y las actualizaciones remotas junto con la tecnolog\u00eda de casete, en comparaci\u00f3n con las soluciones legacy de tambor; es claramente una soluci\u00f3n innovadora con un costo operativo menor en comparaci\u00f3n con las soluciones anteriores.<\/p>\n\n<div class=\"wp-block-group fullwidth bg-aliceblue mt-5\"><div class=\"wp-block-group__inner-container is-layout-flow wp-block-group-is-layout-flow\"><div class=\"wp-bootstrap-blocks-container container mb-0\">\n\t\n<div class=\"wp-bootstrap-blocks-row row g-0\">\n\t\n\n<div class=\"col-12 col-md-9\">\n\t\t\t\n\n<h4 class=\"wp-block-heading\">TCR71 Teller Cash Recycler<\/h4>\n\n\n\n<p>Gracias a las cajas fuertes UL291 Nivel 1, al lector de tarjetas resistente al fraude, a la alarma de vibraci\u00f3n opcional y al software de monitoreo remoto, las soluciones de GRGBanking garantizan un entorno de alto rendimiento y seguridad, con \u00e9nfasis en las siguientes caracter\u00edsticas:<\/p>\n\n\n\n<ol class=\"wp-block-list\"><li>Pantalla t\u00e1ctil LCD de 7&#8217;\u2019<\/li><li>Caja fuerte UL291 Nivel 1<\/li><li>3.300 x 4 casetes = 13.200 billetes<\/li><li>12 billetes\/s<\/li><li>Capacidad del contenedor: 500 uds.<\/li><li>Alarmas de vibraci\u00f3n y temperatura<\/li><\/ol>\n\n\n<p>Con las soluciones TCR71 es posible proporcionar alta velocidad de procesamiento y recursos de soporte de m\u00faltiples denominaciones para los clientes de las sucursales bancarias.<\/p>\n\n\n\n<div class=\"wp-block-file btn btn-newnote\"><a id=\"wp-block-file--media-d7737efd-b260-4f40-b1ab-5481e962b73d\" href=\"https:\/\/www.newnote.pt\/wp-content\/uploads\/2022\/03\/NewNote_TCR71.pdf\" target=\"_blank\" rel=\"noreferrer noopener\">Hoja de datos<\/a><\/div>\n\n\n<a href=\"#gb-gallery-505017086\" id=\"gb-gallery-505017086\" data-images=\"[&quot;https:\/\/www.newnote.pt\/wp-content\/uploads\/2022\/03\/TCR71-1.jpeg&quot;, &quot;https:\/\/www.newnote.pt\/wp-content\/uploads\/2022\/03\/TCR71-2.jpeg&quot;]\" class=\"gb-gallery btn btn-newnote\">Galeria de Imagens<\/a>\n\n\t<\/div>\n\n\n\n<div class=\"col-12 col-md-3\">\n\t\t\t\n\n<figure class=\"wp-block-image size-full\"><img decoding=\"async\" src=\"https:\/\/www.newnote.pt\/wp-content\/uploads\/2022\/03\/TCR71.png\" alt=\"\" class=\"wp-image-643\"\/><\/figure>\n\t<\/div>\n\n<\/div>\n\n<\/div>\n<\/div><\/div>\n\n<div class=\"wp-block-group fullwidth bg-lightaliceblue\"><div class=\"wp-block-group__inner-container is-layout-flow wp-block-group-is-layout-flow\"><div class=\"wp-bootstrap-blocks-container container mb-0\">\n\t\n<div class=\"wp-bootstrap-blocks-row row g-0\">\n\t\n\n<div class=\"col-12 col-md-9\">\n\t\t\t\n\n<h4 class=\"wp-block-heading\">P5800L Branch Cash Recycler<\/h4>\n\n\n\n<p>El P5800L es una soluci\u00f3n para depositar y\/o reciclar efectivo, basada en un dise\u00f1o de cajero autom\u00e1tico compacto y con tecnolog\u00eda de reciclado de billetes GRGBanking. Gracias a su funci\u00f3n de registrar el n\u00famero de serie de los billetes, permite una r\u00e1pida validaci\u00f3n de los dep\u00f3sitos realizados por los clientes junto con la autenticidad de los billetes depositados. Gracias a su dise\u00f1o moderno y al bajo costo operativo, se puede implementar en entornos bancarios, as\u00ed como en entornos minoristas\/de distribuci\u00f3n con una alta capacidad de transacci\u00f3n.<\/p>\n\n\n\n<div class=\"wp-block-file btn btn-newnote\"><a id=\"wp-block-file--media-401f6dca-0641-43fe-9ef3-839e5fa8a171\" href=\"https:\/\/www.newnote.pt\/wp-content\/uploads\/2022\/03\/NewNote_P5800L.pdf\" target=\"_blank\" rel=\"noreferrer noopener\">Hoja de datos<\/a><\/div>\n\n\n<a href=\"#gb-gallery-899811052\" id=\"gb-gallery-899811052\" data-images=\"[&quot;https:\/\/www.newnote.pt\/wp-content\/uploads\/2022\/03\/P5800L-1.jpeg&quot;, &quot;https:\/\/www.newnote.pt\/wp-content\/uploads\/2022\/03\/P5800L-2.jpeg&quot;, &quot;https:\/\/www.newnote.pt\/wp-content\/uploads\/2022\/03\/P5800L-3.jpeg&quot;]\" class=\"gb-gallery btn btn-newnote\">Galeria de Imagens<\/a>\n\n\t<\/div>\n\n\n\n<div class=\"col-12 col-md-3\">\n\t\t\t\n\n<figure class=\"wp-block-image size-full\"><img decoding=\"async\" src=\"https:\/\/www.newnote.pt\/wp-content\/uploads\/2022\/03\/P5800L.png\" alt=\"\" class=\"wp-image-642\"\/><\/figure>\n\t<\/div>\n\n<\/div>\n\n<\/div>\n<\/div><\/div>\n","protected":false},"excerpt":{"rendered":"<p>A medida que se modernizan las sucursales bancarias y se implementan nuevos entornos de atenci\u00f3n con requisitos muy espec\u00edficos en t\u00e9rminos de ergonom\u00eda y espacio, la tecnolog\u00eda de reciclado de efectivo se debe dise\u00f1ar de tal forma que se adapte a \u00e1reas con un espacio m\u00e1s restringido. Al proporcionar una alta eficiencia de procesamiento, gran [&#8230;]<\/p>\n<p><a class=\"btn btn-secondary understrap-read-more-link\" href=\"https:\/\/www.newnote.pt\/es\/reciclador-de-efectivo-de-sucursal\/\">Leer m\u00e1s&#8230;<span class=\"screen-reader-text\"> from Reciclador de efectivo de sucursal<\/span><\/a><\/p>\n","protected":false},"author":1,"featured_media":0,"parent":0,"menu_order":0,"comment_status":"closed","ping_status":"closed","template":"","meta":{"footnotes":""},"class_list":["post-1766","page","type-page","status-publish","hentry"],"_links":{"self":[{"href":"https:\/\/www.newnote.pt\/es\/wp-json\/wp\/v2\/pages\/1766","targetHints":{"allow":["GET"]}}],"collection":[{"href":"https:\/\/www.newnote.pt\/es\/wp-json\/wp\/v2\/pages"}],"about":[{"href":"https:\/\/www.newnote.pt\/es\/wp-json\/wp\/v2\/types\/page"}],"author":[{"embeddable":true,"href":"https:\/\/www.newnote.pt\/es\/wp-json\/wp\/v2\/users\/1"}],"replies":[{"embeddable":true,"href":"https:\/\/www.newnote.pt\/es\/wp-json\/wp\/v2\/comments?post=1766"}],"version-history":[{"count":1,"href":"https:\/\/www.newnote.pt\/es\/wp-json\/wp\/v2\/pages\/1766\/revisions"}],"predecessor-version":[{"id":1767,"href":"https:\/\/www.newnote.pt\/es\/wp-json\/wp\/v2\/pages\/1766\/revisions\/1767"}],"wp:attachment":[{"href":"https:\/\/www.newnote.pt\/es\/wp-json\/wp\/v2\/media?parent=1766"}],"curies":[{"name":"wp","href":"https:\/\/api.w.org\/{rel}","templated":true}]}}