{"id":1768,"date":"2022-03-10T18:36:04","date_gmt":"2022-03-10T18:36:04","guid":{"rendered":"https:\/\/www.newnote.pt\/maquinas-contadoras-y-clasificadoras\/"},"modified":"2022-09-27T14:10:51","modified_gmt":"2022-09-27T14:10:51","slug":"maquinas-contadoras-y-clasificadoras","status":"publish","type":"page","link":"https:\/\/www.newnote.pt\/es\/maquinas-contadoras-y-clasificadoras\/","title":{"rendered":"M\u00e1quinas contadoras y clasificadoras"},"content":{"rendered":"\n<div class=\"wp-block-group fullwidth bg-aliceblue mt-5\"><div class=\"wp-block-group__inner-container is-layout-flow wp-block-group-is-layout-flow\"><div class=\"wp-bootstrap-blocks-container container mb-0\">\n\t\n<div class=\"wp-bootstrap-blocks-row row g-0\">\n\t\n\n<div class=\"col-12 col-md-9\">\n\t\t\t\n\n<h4 class=\"wp-block-heading\">Contador\/Validador de billetes CM100V<\/h4>\n\n\n\n<p>Basado en la innovadora tecnolog\u00eda de recuento y validaci\u00f3n de billetes de GRGBanking, el CM100V es una soluci\u00f3n ideal y compacta para la clasificaci\u00f3n de billetes 1 + 1 con un uso claro en entornos bancarios y de back-office minorista.<\/p>\n\n\n\n<div class=\"wp-block-file btn btn-newnote\"><a id=\"wp-block-file--media-2200da34-1e01-4b69-b1dd-c6295298c680\" href=\"https:\/\/www.newnote.pt\/wp-content\/uploads\/2022\/03\/NewNote_CM100V.pdf\" target=\"_blank\" rel=\"noreferrer noopener\">Hoja de datos<\/a><\/div>\n\n\t<\/div>\n\n\n\n<div class=\"col-12 col-md-3\">\n\t\t\t\n\n<figure class=\"wp-block-image size-full\"><img decoding=\"async\" src=\"https:\/\/www.newnote.pt\/wp-content\/uploads\/2022\/03\/cm100v.png\" alt=\"\" class=\"wp-image-690\"\/><\/figure>\n\t<\/div>\n\n<\/div>\n\n<\/div>\n<\/div><\/div>\n\n<div class=\"wp-block-group fullwidth bg-lightaliceblue\"><div class=\"wp-block-group__inner-container is-layout-flow wp-block-group-is-layout-flow\"><div class=\"wp-bootstrap-blocks-container container mb-0\">\n\t\n<div class=\"wp-bootstrap-blocks-row row g-0\">\n\t\n\n<div class=\"col-12 col-md-9\">\n\t\t\t\n\n<h4 class=\"wp-block-heading\">Contador\/Validador de billetes CM200V<\/h4>\n\n\n\n<p>Basado en la innovadora tecnolog\u00eda de recuento y validaci\u00f3n de billetes de GRGBanking, el CM200V ofrece una soluci\u00f3n de detecci\u00f3n de billetes profesional y completa con tecnolog\u00eda OCR y de doble CIS.<\/p>\n\n\n\n<div class=\"wp-block-file btn btn-newnote\"><a id=\"wp-block-file--media-318c5df2-649d-4673-8f5a-47c604d1a0e7\" href=\"https:\/\/www.newnote.pt\/wp-content\/uploads\/2022\/03\/NewNote_CM200V.pdf\" target=\"_blank\" rel=\"noreferrer noopener\">Hoja de datos<\/a><\/div>\n\n\t<\/div>\n\n\n\n<div class=\"col-12 col-md-3\">\n\t\t\t\n\n<figure class=\"wp-block-image size-full\"><img decoding=\"async\" src=\"https:\/\/www.newnote.pt\/wp-content\/uploads\/2022\/03\/cm200v.png\" alt=\"\" class=\"wp-image-689\"\/><\/figure>\n\t<\/div>\n\n<\/div>\n\n<\/div>\n<\/div><\/div>\n\n<div class=\"wp-block-group fullwidth bg-aliceblue\"><div class=\"wp-block-group__inner-container is-layout-flow wp-block-group-is-layout-flow\"><div class=\"wp-bootstrap-blocks-container container mb-0\">\n\t\n<div class=\"wp-bootstrap-blocks-row row g-0\">\n\t\n\n<div class=\"col-12 col-md-9\">\n\t\t\t\n\n<h4 class=\"wp-block-heading\">Contador\/Validador de billetes CM400V<\/h4>\n\n\n\n<p>La CM400 de GRG es una m\u00e1quina clasificadora de billetes de alto rendimiento con tecnolog\u00eda de detecci\u00f3n de billetes de \u00faltima generaci\u00f3n para mejorar la velocidad y precisi\u00f3n del procesamiento de efectivo. Con la tecnolog\u00eda CIS (Esc\u00e1ner de Imagen de Contacto) y OCR (Reconocimiento \u00d3ptico de Caracteres), se pueden capturar y grabar im\u00e1genes de ambos lados del billete y el n\u00famero de serie.<\/p>\n\n\n\n<div class=\"wp-block-file btn btn-newnote\"><a id=\"wp-block-file--media-686f0c0a-5e33-44d2-a6c1-42f3ac817f2f\" href=\"https:\/\/www.newnote.pt\/wp-content\/uploads\/2022\/03\/NewNote_CM400.pdf\" target=\"_blank\" rel=\"noreferrer noopener\">Hoja de datos<\/a><\/div>\n\n\t<\/div>\n\n\n\n<div class=\"col-12 col-md-3\">\n\t\t\t\n\n<figure class=\"wp-block-image size-full\"><img decoding=\"async\" src=\"https:\/\/www.newnote.pt\/wp-content\/uploads\/2022\/03\/cm400.png\" alt=\"\" class=\"wp-image-688\"\/><\/figure>\n\t<\/div>\n\n<\/div>\n\n<\/div>\n<\/div><\/div>\n","protected":false},"excerpt":{"rendered":"<p> [&#8230;]<\/p>\n<p><a class=\"btn btn-secondary understrap-read-more-link\" href=\"https:\/\/www.newnote.pt\/es\/maquinas-contadoras-y-clasificadoras\/\">Leer m\u00e1s&#8230;<span class=\"screen-reader-text\"> from M\u00e1quinas contadoras y clasificadoras<\/span><\/a><\/p>\n","protected":false},"author":1,"featured_media":0,"parent":0,"menu_order":0,"comment_status":"closed","ping_status":"closed","template":"","meta":{"footnotes":""},"class_list":["post-1768","page","type-page","status-publish","hentry"],"_links":{"self":[{"href":"https:\/\/www.newnote.pt\/es\/wp-json\/wp\/v2\/pages\/1768","targetHints":{"allow":["GET"]}}],"collection":[{"href":"https:\/\/www.newnote.pt\/es\/wp-json\/wp\/v2\/pages"}],"about":[{"href":"https:\/\/www.newnote.pt\/es\/wp-json\/wp\/v2\/types\/page"}],"author":[{"embeddable":true,"href":"https:\/\/www.newnote.pt\/es\/wp-json\/wp\/v2\/users\/1"}],"replies":[{"embeddable":true,"href":"https:\/\/www.newnote.pt\/es\/wp-json\/wp\/v2\/comments?post=1768"}],"version-history":[{"count":1,"href":"https:\/\/www.newnote.pt\/es\/wp-json\/wp\/v2\/pages\/1768\/revisions"}],"predecessor-version":[{"id":1769,"href":"https:\/\/www.newnote.pt\/es\/wp-json\/wp\/v2\/pages\/1768\/revisions\/1769"}],"wp:attachment":[{"href":"https:\/\/www.newnote.pt\/es\/wp-json\/wp\/v2\/media?parent=1768"}],"curies":[{"name":"wp","href":"https:\/\/api.w.org\/{rel}","templated":true}]}}