{"id":1772,"date":"2022-03-10T16:50:16","date_gmt":"2022-03-10T16:50:16","guid":{"rendered":"https:\/\/www.newnote.pt\/mpos\/"},"modified":"2022-09-27T14:15:16","modified_gmt":"2022-09-27T14:15:16","slug":"mpos","status":"publish","type":"page","link":"https:\/\/www.newnote.pt\/es\/mpos\/","title":{"rendered":"mPOS"},"content":{"rendered":"\n<p>Las soluciones de mPOS de NewNote cubren las diversas necesidades de todos los comerciantes, con un \u00e9nfasis particular en la movilidad y la facilidad de uso. Los mPOS de NewNote ofrecen una soluci\u00f3n de alto rendimiento que acepta pagos con tarjetas con chip, banda magn\u00e9tica y contactless\/NFC, as\u00ed como con c\u00f3digo QR y en conexi\u00f3n con cualquier dispositivo m\u00f3vil inteligente (smartphone, tableta) adaptable a todos los sectores del mercado, incluidos los entornos minoristas con uso intensivo.<\/p>\n\n<div class=\"wp-block-group fullwidth bg-aliceblue mt-5\"><div class=\"wp-block-group__inner-container is-layout-flow wp-block-group-is-layout-flow\"><div class=\"wp-bootstrap-blocks-container container mb-0\">\n\t\n<div class=\"wp-bootstrap-blocks-row row g-0\">\n\t\n\n<div class=\"col-12 col-md-9\">\n\t\t\t\n\n<h4 class=\"wp-block-heading\">SPm2 mPOS<\/h4>\n\n\n\n<p>El terminal mPOS de mayor \u00e9xito de Spire Paymets ofrece un formato de bolsillo, dise\u00f1o robusto y facilidad de uso para comerciantes y consumidores.<\/p>\n\n\n\n<div class=\"wp-block-file btn btn-newnote\"><a id=\"wp-block-file--media-f1329479-9ca7-4f4e-9c18-b06bf1a86d4c\" href=\"https:\/\/www.newnote.pt\/wp-content\/uploads\/2022\/03\/NewNote_SPm2.pdf\" target=\"_blank\" rel=\"noreferrer noopener\">Hoja de datos<\/a><\/div>\n\n\n<a href=\"#gb-gallery-889404957\" id=\"gb-gallery-889404957\" data-images=\"[&quot;https:\/\/www.newnote.pt\/wp-content\/uploads\/2022\/03\/SPm2-1.jpeg&quot;, &quot;https:\/\/www.newnote.pt\/wp-content\/uploads\/2022\/03\/SPm2-2.jpeg&quot;, &quot;https:\/\/www.newnote.pt\/wp-content\/uploads\/2022\/03\/SPm2-3.jpeg&quot;, &quot;https:\/\/www.newnote.pt\/wp-content\/uploads\/2022\/03\/SPm2-4.jpeg&quot;, &quot;https:\/\/www.newnote.pt\/wp-content\/uploads\/2022\/03\/SPm2-5.jpeg&quot;, &quot;https:\/\/www.newnote.pt\/wp-content\/uploads\/2022\/03\/SPm2-6.jpeg&quot;, &quot;https:\/\/www.newnote.pt\/wp-content\/uploads\/2022\/03\/SPm2-7.jpeg&quot;, &quot;https:\/\/www.newnote.pt\/wp-content\/uploads\/2022\/03\/SPm2-8.jpeg&quot;, &quot;https:\/\/www.newnote.pt\/wp-content\/uploads\/2022\/03\/SPm2-9.jpeg&quot;, &quot;https:\/\/www.newnote.pt\/wp-content\/uploads\/2022\/03\/SPm2-10.jpeg&quot;, &quot;https:\/\/www.newnote.pt\/wp-content\/uploads\/2022\/03\/SPm2-11.jpeg&quot;, &quot;https:\/\/www.newnote.pt\/wp-content\/uploads\/2022\/03\/SPm2-12.jpeg&quot;, &quot;https:\/\/www.newnote.pt\/wp-content\/uploads\/2022\/03\/SPm2-13.jpeg&quot;]\" class=\"gb-gallery btn btn-newnote\">Galeria de Imagens<\/a>\n\n\t<\/div>\n\n\n\n<div class=\"col-12 col-md-3\">\n\t\t\t\n\n<figure class=\"wp-block-image size-full\"><img decoding=\"async\" src=\"https:\/\/www.newnote.pt\/wp-content\/uploads\/2022\/03\/spm2.png\" alt=\"\" class=\"wp-image-515\"\/><\/figure>\n\t<\/div>\n\n<\/div>\n\n<\/div>\n<\/div><\/div>\n\n<div class=\"wp-block-group fullwidth bg-lightaliceblue\"><div class=\"wp-block-group__inner-container is-layout-flow wp-block-group-is-layout-flow\"><div class=\"wp-bootstrap-blocks-container container mb-0\">\n\t\n<div class=\"wp-bootstrap-blocks-row row g-0\">\n\t\n\n<div class=\"col-12 col-md-9\">\n\t\t\t\n\n<h4 class=\"wp-block-heading\">ME51 MiniPOS<\/h4>\n\n\n\n<p>El terminal de pago m\u00f3vil altamente flexible ME51 admite todos los m\u00e9todos de pago electr\u00f3nicos y de pago convencionales con total seguridad, incluidas tarjetas bancarias tradicionales, tarjetas contactless\/NFC y pago QR. Gracias a su dise\u00f1o liviano y de bolsillo, expande a\u00fan m\u00e1s el alcance de los pagos m\u00f3viles y en entornos cara a cara con clientes finales.<\/p>\n\n\n\n<div class=\"wp-block-file btn btn-newnote\"><a id=\"wp-block-file--media-3d90ef52-64d9-49ac-b811-fd922e99258b\" href=\"https:\/\/www.newnote.pt\/wp-content\/uploads\/2022\/03\/NewNote_miniPOS_ME51.pdf\" target=\"_blank\" rel=\"noreferrer noopener\">Hoja de datos<\/a><\/div>\n\n\n<a href=\"#gb-gallery-135737202\" id=\"gb-gallery-135737202\" data-images=\"[&quot;https:\/\/www.newnote.pt\/wp-content\/uploads\/2022\/03\/ME51-1.png&quot;, &quot;https:\/\/www.newnote.pt\/wp-content\/uploads\/2022\/03\/ME51-2.png&quot;, &quot;https:\/\/www.newnote.pt\/wp-content\/uploads\/2022\/03\/ME51-3.png&quot;, &quot;https:\/\/www.newnote.pt\/wp-content\/uploads\/2022\/03\/ME51-4.png&quot;, &quot;https:\/\/www.newnote.pt\/wp-content\/uploads\/2022\/03\/ME51-5.png&quot;, &quot;https:\/\/www.newnote.pt\/wp-content\/uploads\/2022\/03\/ME51-6.jpeg&quot;, &quot;https:\/\/www.newnote.pt\/wp-content\/uploads\/2022\/03\/ME51-7.jpeg&quot;, &quot;https:\/\/www.newnote.pt\/wp-content\/uploads\/2022\/03\/ME51-8.jpeg&quot;]\" class=\"gb-gallery btn btn-newnote\">Galeria de Imagens<\/a>\n\n\t<\/div>\n\n\n\n<div class=\"col-12 col-md-3\">\n\t\t\t\n\n<figure class=\"wp-block-image size-full\"><img decoding=\"async\" src=\"https:\/\/www.newnote.pt\/wp-content\/uploads\/2022\/03\/m51.png\" alt=\"\" class=\"wp-image-514\"\/><\/figure>\n\t<\/div>\n\n<\/div>\n\n<\/div>\n<\/div><\/div>\n","protected":false},"excerpt":{"rendered":"<p>Las soluciones de mPOS de NewNote cubren las diversas necesidades de todos los comerciantes, con un \u00e9nfasis particular en la movilidad y la facilidad de uso. Los mPOS de NewNote ofrecen una soluci\u00f3n de alto rendimiento que acepta pagos con tarjetas con chip, banda magn\u00e9tica y contactless\/NFC, as\u00ed como con c\u00f3digo QR y en conexi\u00f3n [&#8230;]<\/p>\n<p><a class=\"btn btn-secondary understrap-read-more-link\" href=\"https:\/\/www.newnote.pt\/es\/mpos\/\">Leer m\u00e1s&#8230;<span class=\"screen-reader-text\"> from mPOS<\/span><\/a><\/p>\n","protected":false},"author":1,"featured_media":0,"parent":0,"menu_order":0,"comment_status":"closed","ping_status":"closed","template":"","meta":{"footnotes":""},"class_list":["post-1772","page","type-page","status-publish","hentry"],"_links":{"self":[{"href":"https:\/\/www.newnote.pt\/es\/wp-json\/wp\/v2\/pages\/1772","targetHints":{"allow":["GET"]}}],"collection":[{"href":"https:\/\/www.newnote.pt\/es\/wp-json\/wp\/v2\/pages"}],"about":[{"href":"https:\/\/www.newnote.pt\/es\/wp-json\/wp\/v2\/types\/page"}],"author":[{"embeddable":true,"href":"https:\/\/www.newnote.pt\/es\/wp-json\/wp\/v2\/users\/1"}],"replies":[{"embeddable":true,"href":"https:\/\/www.newnote.pt\/es\/wp-json\/wp\/v2\/comments?post=1772"}],"version-history":[{"count":1,"href":"https:\/\/www.newnote.pt\/es\/wp-json\/wp\/v2\/pages\/1772\/revisions"}],"predecessor-version":[{"id":1773,"href":"https:\/\/www.newnote.pt\/es\/wp-json\/wp\/v2\/pages\/1772\/revisions\/1773"}],"wp:attachment":[{"href":"https:\/\/www.newnote.pt\/es\/wp-json\/wp\/v2\/media?parent=1772"}],"curies":[{"name":"wp","href":"https:\/\/api.w.org\/{rel}","templated":true}]}}