{"id":1776,"date":"2021-09-22T18:39:18","date_gmt":"2021-09-22T17:39:18","guid":{"rendered":"https:\/\/www.newnote.pt\/politica-de-privacidad-y-rgpd\/"},"modified":"2022-09-27T14:18:20","modified_gmt":"2022-09-27T14:18:20","slug":"politica-de-privacidad-y-rgpd","status":"publish","type":"page","link":"https:\/\/www.newnote.pt\/es\/politica-de-privacidad-y-rgpd\/","title":{"rendered":"Pol\u00edtica de privacidad y RGPD"},"content":{"rendered":"\n<p><\/p>\n\n<h3 class=\"wp-block-heading\">Reglamento General de Protecci\u00f3n de Datos &#8211; RGPD<\/h3>\n\n<p><\/p>\n\n<p>NewNote se compromete a proteger los datos personales de sus clientes, por lo que los datos obtenidos no ser\u00e1n tratados para fines distintos a los especificados en la Pol\u00edtica de Protecci\u00f3n de Datos de NEWNOTE SOLUTIONS. NewNote respeta las mejores pr\u00e1cticas en materia de seguridad y protecci\u00f3n de datos personales, habiendo adoptado para ello las medidas t\u00e9cnicas y organizativas necesarias para el cumplimiento del Reglamento General de Protecci\u00f3n de Datos. Si desea informaci\u00f3n m\u00e1s detallada, puede hacerlo a trav\u00e9s de los siguientes contactos: \u2022 Correo electr\u00f3nico \u2013 dpo@newnote.pt \u2022 Correo postal \u2013 Rua Projectada \u00e0 rua 3, Lote C, Armaz\u00e9m K. 1950-327 LISBOA<\/p>\n","protected":false},"excerpt":{"rendered":"<p>Reglamento General de Protecci\u00f3n de Datos &#8211; RGPD NewNote se compromete a proteger los datos personales de sus clientes, por lo que los datos obtenidos no ser\u00e1n tratados para fines distintos a los especificados en la Pol\u00edtica de Protecci\u00f3n de Datos de NEWNOTE SOLUTIONS. NewNote respeta las mejores pr\u00e1cticas en materia de seguridad y protecci\u00f3n [&#8230;]<\/p>\n<p><a class=\"btn btn-secondary understrap-read-more-link\" href=\"https:\/\/www.newnote.pt\/es\/politica-de-privacidad-y-rgpd\/\">Leer m\u00e1s&#8230;<span class=\"screen-reader-text\"> from Pol\u00edtica de privacidad y RGPD<\/span><\/a><\/p>\n","protected":false},"author":1,"featured_media":0,"parent":0,"menu_order":0,"comment_status":"closed","ping_status":"closed","template":"","meta":{"footnotes":""},"class_list":["post-1776","page","type-page","status-publish","hentry"],"_links":{"self":[{"href":"https:\/\/www.newnote.pt\/es\/wp-json\/wp\/v2\/pages\/1776","targetHints":{"allow":["GET"]}}],"collection":[{"href":"https:\/\/www.newnote.pt\/es\/wp-json\/wp\/v2\/pages"}],"about":[{"href":"https:\/\/www.newnote.pt\/es\/wp-json\/wp\/v2\/types\/page"}],"author":[{"embeddable":true,"href":"https:\/\/www.newnote.pt\/es\/wp-json\/wp\/v2\/users\/1"}],"replies":[{"embeddable":true,"href":"https:\/\/www.newnote.pt\/es\/wp-json\/wp\/v2\/comments?post=1776"}],"version-history":[{"count":1,"href":"https:\/\/www.newnote.pt\/es\/wp-json\/wp\/v2\/pages\/1776\/revisions"}],"predecessor-version":[{"id":1777,"href":"https:\/\/www.newnote.pt\/es\/wp-json\/wp\/v2\/pages\/1776\/revisions\/1777"}],"wp:attachment":[{"href":"https:\/\/www.newnote.pt\/es\/wp-json\/wp\/v2\/media?parent=1776"}],"curies":[{"name":"wp","href":"https:\/\/api.w.org\/{rel}","templated":true}]}}