{"id":1778,"date":"2022-01-25T17:36:21","date_gmt":"2022-01-25T17:36:21","guid":{"rendered":"https:\/\/www.newnote.pt\/portugal-2020\/"},"modified":"2022-09-27T14:23:48","modified_gmt":"2022-09-27T14:23:48","slug":"portugal-2020","status":"publish","type":"page","link":"https:\/\/www.newnote.pt\/es\/portugal-2020\/","title":{"rendered":"Portugal 2020"},"content":{"rendered":"\n<figure class=\"wp-block-image size-full\"><img loading=\"lazy\" decoding=\"async\" width=\"900\" height=\"162\" src=\"https:\/\/www.newnote.pt\/wp-content\/uploads\/2021\/09\/PT2020.png\" alt=\"PT2020\" class=\"wp-image-122\" srcset=\"https:\/\/www.newnote.pt\/wp-content\/uploads\/2021\/09\/PT2020.png 900w, https:\/\/www.newnote.pt\/wp-content\/uploads\/2021\/09\/PT2020-300x54.png 300w, https:\/\/www.newnote.pt\/wp-content\/uploads\/2021\/09\/PT2020-768x138.png 768w, https:\/\/www.newnote.pt\/wp-content\/uploads\/2021\/09\/PT2020-600x108.png 600w\" sizes=\"auto, (max-width: 900px) 100vw, 900px\" \/><\/figure>\n<ul class=\"list-unstyled wp-block-list\"><li><strong>Designaci\u00f3n del proyecto |<\/strong> NEWNOTE INOV<\/li><li><strong>C\u00f3digo del proyecto |<\/strong> LISBOA-02-0853-FEDER-046312<\/li><li><strong>Objetivo principal &#8211;<\/strong> Posibilitar la intervenci\u00f3n de NewNote Solutions, basada en un conjunto de inversiones estructuradas en actividades innovadoras que, valorando factores inmateriales de competitividad, permitir\u00e1n reforzar el desempe\u00f1o de la empresa en el mercado nacional e internacional.<\/li><li><strong>Regi\u00f3n de intervenci\u00f3n &#8211;<\/strong> Lisboa<\/li><li><strong>Entidad beneficiaria &#8211;<\/strong> NEWNOTE SOLUTIONS, S.A.<\/li><\/ul>\n<ul class=\"list-unstyled wp-block-list\"><li><strong>Fecha de aprobaci\u00f3n |<\/strong> 15-06-2020<\/li><li><strong>Fecha de inicio |<\/strong> 14-04-2020<\/li><li><strong>Fecha de finalizaci\u00f3n |<\/strong> 29-07-2021<\/li><li><strong>Coste total elegible |<\/strong> 93.056,00 \u20ac<\/li><li><strong>Apoyo financiero de la Uni\u00f3n Europea |<\/strong> FEDER \u2013 37.222,40 \u20ac<\/li><\/ul>\n<p>El objetivo de esta inversi\u00f3n es dotar a la empresa de los recursos humanos, t\u00e9cnicos, de marketing y comerciales que le permitan: Desarrollar el software NewNote 4 All; Lograr su certificaci\u00f3n con los proveedores de IF y SW; Crear los medios de difusi\u00f3n de la soluci\u00f3n y su comercializaci\u00f3n en los mercados de Portugal y Espa\u00f1a. De esta forma, la empresa lograr\u00e1 por un lado ganar diferenciaci\u00f3n en los mercados en los que opera, con relaci\u00f3n a sus competidores y, por otro lado, posicionarse como el \u00fanico agente portugu\u00e9s con posibilidad de introducir soluciones en esos mismos mercados. El objetivo central es, por lo tanto, convertirse en actor de dichos mercados, potenciando as\u00ed la estrategia de internacionalizaci\u00f3n y de diversificaci\u00f3n de mercados.<\/p>\n","protected":false},"excerpt":{"rendered":"<p>Designaci\u00f3n del proyecto | NEWNOTE INOV C\u00f3digo del proyecto | LISBOA-02-0853-FEDER-046312 Objetivo principal &#8211; Posibilitar la intervenci\u00f3n de NewNote Solutions, basada en un conjunto de inversiones estructuradas en actividades innovadoras que, valorando factores inmateriales de competitividad, permitir\u00e1n reforzar el desempe\u00f1o de la empresa en el mercado nacional e internacional. Regi\u00f3n de intervenci\u00f3n &#8211; Lisboa Entidad [&#8230;]<\/p>\n<p><a class=\"btn btn-secondary understrap-read-more-link\" href=\"https:\/\/www.newnote.pt\/es\/portugal-2020\/\">Leer m\u00e1s&#8230;<span class=\"screen-reader-text\"> from Portugal 2020<\/span><\/a><\/p>\n","protected":false},"author":1,"featured_media":0,"parent":0,"menu_order":0,"comment_status":"closed","ping_status":"closed","template":"","meta":{"footnotes":""},"class_list":["post-1778","page","type-page","status-publish","hentry"],"_links":{"self":[{"href":"https:\/\/www.newnote.pt\/es\/wp-json\/wp\/v2\/pages\/1778","targetHints":{"allow":["GET"]}}],"collection":[{"href":"https:\/\/www.newnote.pt\/es\/wp-json\/wp\/v2\/pages"}],"about":[{"href":"https:\/\/www.newnote.pt\/es\/wp-json\/wp\/v2\/types\/page"}],"author":[{"embeddable":true,"href":"https:\/\/www.newnote.pt\/es\/wp-json\/wp\/v2\/users\/1"}],"replies":[{"embeddable":true,"href":"https:\/\/www.newnote.pt\/es\/wp-json\/wp\/v2\/comments?post=1778"}],"version-history":[{"count":1,"href":"https:\/\/www.newnote.pt\/es\/wp-json\/wp\/v2\/pages\/1778\/revisions"}],"predecessor-version":[{"id":1779,"href":"https:\/\/www.newnote.pt\/es\/wp-json\/wp\/v2\/pages\/1778\/revisions\/1779"}],"wp:attachment":[{"href":"https:\/\/www.newnote.pt\/es\/wp-json\/wp\/v2\/media?parent=1778"}],"curies":[{"name":"wp","href":"https:\/\/api.w.org\/{rel}","templated":true}]}}