{"id":1782,"date":"2022-03-10T17:32:57","date_gmt":"2022-03-10T17:32:57","guid":{"rendered":"https:\/\/www.newnote.pt\/autoservicio-pos\/"},"modified":"2022-09-27T14:30:36","modified_gmt":"2022-09-27T14:30:36","slug":"autoservicio-pos","status":"publish","type":"page","link":"https:\/\/www.newnote.pt\/es\/autoservicio-pos\/","title":{"rendered":"Autoservicio POS"},"content":{"rendered":"\n<p>NewNote ha desarrollado una l\u00ednea de soluciones de terminales de pago autom\u00e1tico para entornos exteriores y soluciones no atendidas que se basan en una plataforma certificada PCI y EMV con un claro \u00e9nfasis en la protecci\u00f3n antivand\u00e1lica y con grados de protecci\u00f3n contra la intemperie y de alto rendimiento. Estos equipos se pueden implementar: En configuraciones modulares, con el PinPad e integrados en un solo m\u00f3dulo cerrado. El lector de tarjetas h\u00edbrido (chip y magn\u00e9tico) y el lector contactless\/NFC se ubican por separado para ofrecer una mayor flexibilidad en el dise\u00f1o de la soluci\u00f3n final;<\/p>\n\n<p>En configuraciones todo en uno, constituyen un paquete ergon\u00f3mico y compacto con todas las interfaces de pago integradas en un solo dispositivo.<\/p>\n\n<p><\/p>\n\n<div class=\"wp-block-group fullwidth bg-aliceblue mt-5\"><div class=\"wp-block-group__inner-container is-layout-flow wp-block-group-is-layout-flow\"><div class=\"wp-bootstrap-blocks-container container mb-0\">\n\t\n<div class=\"wp-bootstrap-blocks-row row g-0\">\n\t\n\n<div class=\"col-12 col-md-9\">\n\t\t\t\n\n<h4 class=\"wp-block-heading\">SPu90<\/h4>\n\n\n\n<p>La soluci\u00f3n definitiva de pago autoservicio para todos los entornos: emisi\u00f3n de billetes, gasolineras, quioscos, aparcamientos, peajes, etc. El dise\u00f1o modular ofrece la m\u00e1xima flexibilidad.<\/p>\n\n\n\n<div class=\"wp-block-file btn btn-newnote\"><a id=\"wp-block-file--media-89336831-2a7a-4f09-acea-c665a9dd3e40\" href=\"https:\/\/www.newnote.pt\/wp-content\/uploads\/2022\/03\/NewNote_SPu90.pdf\" target=\"_blank\" rel=\"noreferrer noopener\">Hoja de datos 1<\/a><\/div>\n\n\n\n<div class=\"wp-block-file btn btn-newnote\"><a id=\"wp-block-file--media-28da962f-4700-47be-85b2-48f896fddbaf\" href=\"https:\/\/www.newnote.pt\/wp-content\/uploads\/2022\/03\/NewNote_Spu95H.pdf\" target=\"_blank\" rel=\"noreferrer noopener\">Hoja de datos 2<\/a><\/div>\n\n\n<a href=\"#gb-gallery-2099478417\" id=\"gb-gallery-2099478417\" data-images=\"[&quot;https:\/\/www.newnote.pt\/wp-content\/uploads\/2022\/03\/SPu90-1.jpeg&quot;, &quot;https:\/\/www.newnote.pt\/wp-content\/uploads\/2022\/03\/SPu90-2.jpeg&quot;, &quot;https:\/\/www.newnote.pt\/wp-content\/uploads\/2022\/03\/SPu90-3.jpeg&quot;, &quot;https:\/\/www.newnote.pt\/wp-content\/uploads\/2022\/03\/SPu90-4.jpeg&quot;, &quot;https:\/\/www.newnote.pt\/wp-content\/uploads\/2022\/03\/SPu90-5.jpeg&quot;]\" class=\"gb-gallery btn btn-newnote\">Galeria de Imagens<\/a>\n\n\t<\/div>\n\n\n\n<div class=\"col-12 col-md-3\">\n\t\t\t\n\n<figure class=\"wp-block-image size-full\"><img decoding=\"async\" src=\"https:\/\/www.newnote.pt\/wp-content\/uploads\/2022\/03\/spm2.png\" alt=\"\" class=\"wp-image-515\"\/><\/figure>\n\t<\/div>\n\n<\/div>\n\n<\/div>\n<\/div><\/div>\n\n<div class=\"wp-block-group fullwidth bg-lightaliceblue\"><div class=\"wp-block-group__inner-container is-layout-flow wp-block-group-is-layout-flow\"><div class=\"wp-bootstrap-blocks-container container mb-0\">\n\t\n<div class=\"wp-bootstrap-blocks-row row g-0\">\n\t\n\n<div class=\"col-12 col-md-9\">\n\t\t\t\n\n<h4 class=\"wp-block-heading\">U1000<\/h4>\n\n\n\n<p>Gracias a su resistencia a la intemperie y al vandalismo, el U1000 presenta una soluci\u00f3n de pago todo en uno con un dise\u00f1o moderno y adaptable a todos los escenarios de implementaci\u00f3n. Su conectividad perif\u00e9rica m\u00faltiple hace posible integrarlo en varios sistemas de quiosco y m\u00e1quinas de venta autom\u00e1tica, satisfaciendo de manera flexible diversas necesidades de negocio.<\/p>\n\n\n\n<div class=\"wp-block-file btn btn-newnote\"><a id=\"wp-block-file--media-cdae9729-1881-45e6-a1e6-e767278768b5\" href=\"https:\/\/www.newnote.pt\/wp-content\/uploads\/2022\/03\/NewNote_U1000.pdf\" target=\"_blank\" rel=\"noreferrer noopener\">Hoja de datos<\/a><\/div>\n\n\n<a href=\"#gb-gallery-721270805\" id=\"gb-gallery-721270805\" data-images=\"[&quot;https:\/\/www.newnote.pt\/wp-content\/uploads\/2022\/03\/U1000-1.jpeg&quot;, &quot;https:\/\/www.newnote.pt\/wp-content\/uploads\/2022\/03\/U1000-2.jpeg&quot;, &quot;https:\/\/www.newnote.pt\/wp-content\/uploads\/2022\/03\/U1000-3.jpeg&quot;, &quot;https:\/\/www.newnote.pt\/wp-content\/uploads\/2022\/03\/U1000-4.jpeg&quot;, &quot;https:\/\/www.newnote.pt\/wp-content\/uploads\/2022\/03\/U1000-5.jpeg&quot;, &quot;https:\/\/www.newnote.pt\/wp-content\/uploads\/2022\/03\/U1000-6.jpeg&quot;]\" class=\"gb-gallery btn btn-newnote\">Galeria de Imagens<\/a>\n\n\t<\/div>\n\n\n\n<div class=\"col-12 col-md-3\">\n\t\t\t\n\n<figure class=\"wp-block-image size-full\"><img decoding=\"async\" src=\"https:\/\/www.newnote.pt\/wp-content\/uploads\/2022\/03\/m51.png\" alt=\"\" class=\"wp-image-514\"\/><\/figure>\n\t<\/div>\n\n<\/div>\n\n<\/div>\n<\/div><\/div>\n","protected":false},"excerpt":{"rendered":"<p>NewNote ha desarrollado una l\u00ednea de soluciones de terminales de pago autom\u00e1tico para entornos exteriores y soluciones no atendidas que se basan en una plataforma certificada PCI y EMV con un claro \u00e9nfasis en la protecci\u00f3n antivand\u00e1lica y con grados de protecci\u00f3n contra la intemperie y de alto rendimiento. Estos equipos se pueden implementar: En [&#8230;]<\/p>\n<p><a class=\"btn btn-secondary understrap-read-more-link\" href=\"https:\/\/www.newnote.pt\/es\/autoservicio-pos\/\">Leer m\u00e1s&#8230;<span class=\"screen-reader-text\"> from Autoservicio POS<\/span><\/a><\/p>\n","protected":false},"author":1,"featured_media":0,"parent":0,"menu_order":0,"comment_status":"closed","ping_status":"closed","template":"","meta":{"footnotes":""},"class_list":["post-1782","page","type-page","status-publish","hentry"],"_links":{"self":[{"href":"https:\/\/www.newnote.pt\/es\/wp-json\/wp\/v2\/pages\/1782","targetHints":{"allow":["GET"]}}],"collection":[{"href":"https:\/\/www.newnote.pt\/es\/wp-json\/wp\/v2\/pages"}],"about":[{"href":"https:\/\/www.newnote.pt\/es\/wp-json\/wp\/v2\/types\/page"}],"author":[{"embeddable":true,"href":"https:\/\/www.newnote.pt\/es\/wp-json\/wp\/v2\/users\/1"}],"replies":[{"embeddable":true,"href":"https:\/\/www.newnote.pt\/es\/wp-json\/wp\/v2\/comments?post=1782"}],"version-history":[{"count":1,"href":"https:\/\/www.newnote.pt\/es\/wp-json\/wp\/v2\/pages\/1782\/revisions"}],"predecessor-version":[{"id":1783,"href":"https:\/\/www.newnote.pt\/es\/wp-json\/wp\/v2\/pages\/1782\/revisions\/1783"}],"wp:attachment":[{"href":"https:\/\/www.newnote.pt\/es\/wp-json\/wp\/v2\/media?parent=1782"}],"curies":[{"name":"wp","href":"https:\/\/api.w.org\/{rel}","templated":true}]}}