{"id":1784,"date":"2022-01-25T17:46:30","date_gmt":"2022-01-25T17:46:30","guid":{"rendered":"https:\/\/www.newnote.pt\/servicios-profesionales\/"},"modified":"2022-09-27T14:34:41","modified_gmt":"2022-09-27T14:34:41","slug":"servicios-profesionales","status":"publish","type":"page","link":"https:\/\/www.newnote.pt\/es\/servicios-profesionales\/","title":{"rendered":"Servicios profesionales"},"content":{"rendered":"<div class=\"wp-bootstrap-blocks-row row pro-services\">\n\t\n\n<div class=\"col-12 col-md-6\">\n\t\t\t\n\n<div class=\"wp-block-group card-deck\"><div class=\"wp-block-group__inner-container is-layout-flow wp-block-group-is-layout-flow\">\n<div class=\"wp-block-group card\"><div class=\"wp-block-group__inner-container is-layout-flow wp-block-group-is-layout-flow\">\n<figure class=\"wp-block-image size-full\"><img loading=\"lazy\" decoding=\"async\" width=\"800\" height=\"400\" src=\"https:\/\/www.newnote.pt\/wp-content\/uploads\/2022\/01\/certification_services.jpg\" alt=\"\" class=\"wp-image-274\" srcset=\"https:\/\/www.newnote.pt\/wp-content\/uploads\/2022\/01\/certification_services.jpg 800w, https:\/\/www.newnote.pt\/wp-content\/uploads\/2022\/01\/certification_services-300x150.jpg 300w, https:\/\/www.newnote.pt\/wp-content\/uploads\/2022\/01\/certification_services-768x384.jpg 768w, https:\/\/www.newnote.pt\/wp-content\/uploads\/2022\/01\/certification_services-600x300.jpg 600w\" sizes=\"auto, (max-width: 800px) 100vw, 800px\" \/><\/figure>\n\n\n<div class=\"wp-block-group card-body\"><div class=\"wp-block-group__inner-container is-layout-flow wp-block-group-is-layout-flow\">\n<h2 class=\"wp-block-heading\">Servicios de desarrollo y certificaci\u00f3n<\/h2>\n\n\n\n<p>Como resultado de su experiencia, NewNote realiza todo el componente de desarrollo de versiones de software, integrando y gestionando procesos de certificaci\u00f3n con entidades nacionales e internacionales. Nuestra capacidad de desarrollo convierte a NewNote en un socio de elecci\u00f3n en proyectos de alta complejidad.<\/p>\n<\/div><\/div>\n<\/div><\/div>\n<\/div><\/div>\n\n\t<\/div>\n\n\n\n<div class=\"col-12 col-md-6 card-deck\">\n\t\t\t\n\n<div class=\"wp-block-group card-deck\"><div class=\"wp-block-group__inner-container is-layout-flow wp-block-group-is-layout-flow\">\n<div class=\"wp-block-group card\"><div class=\"wp-block-group__inner-container is-layout-flow wp-block-group-is-layout-flow\">\n<figure class=\"wp-block-image size-full\"><img loading=\"lazy\" decoding=\"async\" width=\"800\" height=\"400\" src=\"https:\/\/www.newnote.pt\/wp-content\/uploads\/2022\/01\/support_services.jpg\" alt=\"\" class=\"wp-image-276\" srcset=\"https:\/\/www.newnote.pt\/wp-content\/uploads\/2022\/01\/support_services.jpg 800w, https:\/\/www.newnote.pt\/wp-content\/uploads\/2022\/01\/support_services-300x150.jpg 300w, https:\/\/www.newnote.pt\/wp-content\/uploads\/2022\/01\/support_services-768x384.jpg 768w, https:\/\/www.newnote.pt\/wp-content\/uploads\/2022\/01\/support_services-600x300.jpg 600w\" sizes=\"auto, (max-width: 800px) 100vw, 800px\" \/><\/figure>\n\n\n<div class=\"wp-block-group card-body\"><div class=\"wp-block-group__inner-container is-layout-flow wp-block-group-is-layout-flow\">\n<h2 class=\"wp-block-heading\">Asistencia t\u00e9cnica<\/h2>\n\n\n\n<p>NewNote tiene en el terreno sus propios equipos de instalaci\u00f3n y mantenimiento para sus clientes, con una base instalada de 200k + POS, mPOS, SmartPOS en Portugal y Espa\u00f1a bajo gesti\u00f3n directa.<\/p>\n<\/div><\/div>\n<\/div><\/div>\n<\/div><\/div>\n\n\t<\/div>\n\n<\/div>\n<div class=\"wp-bootstrap-blocks-row row pro-services mt-4\">\n\t\n\n<div class=\"col-12 col-md-4\">\n\t\t\t\n\n<div class=\"wp-block-group card-deck\"><div class=\"wp-block-group__inner-container is-layout-flow wp-block-group-is-layout-flow\">\n<div class=\"wp-block-group card\"><div class=\"wp-block-group__inner-container is-layout-flow wp-block-group-is-layout-flow\">\n<figure class=\"wp-block-image size-full\"><img loading=\"lazy\" decoding=\"async\" width=\"800\" height=\"400\" src=\"https:\/\/www.newnote.pt\/wp-content\/uploads\/2022\/01\/helpdesk_service.jpg\" alt=\"\" class=\"wp-image-281\" srcset=\"https:\/\/www.newnote.pt\/wp-content\/uploads\/2022\/01\/helpdesk_service.jpg 800w, https:\/\/www.newnote.pt\/wp-content\/uploads\/2022\/01\/helpdesk_service-300x150.jpg 300w, https:\/\/www.newnote.pt\/wp-content\/uploads\/2022\/01\/helpdesk_service-768x384.jpg 768w, https:\/\/www.newnote.pt\/wp-content\/uploads\/2022\/01\/helpdesk_service-600x300.jpg 600w\" sizes=\"auto, (max-width: 800px) 100vw, 800px\" \/><\/figure>\n\n\n<div class=\"wp-block-group card-body\"><div class=\"wp-block-group__inner-container is-layout-flow wp-block-group-is-layout-flow\">\n<h2 class=\"wp-block-heading\">Help-Desk<\/h2>\n\n\n\n<p>Help-Desk centralizado para soporte y mantenimiento de 1. \u00aa y 2. \u00aa l\u00ednea con disponibilidad los 365 d\u00edas del a\u00f1o y con diferentes tipos de niveles de servicio asociados.<\/p>\n<\/div><\/div>\n<\/div><\/div>\n<\/div><\/div>\n\n\t<\/div>\n\n\n\n<div class=\"col-12 col-md-4\">\n\t\t\t\n\n<div class=\"wp-block-group card-deck\"><div class=\"wp-block-group__inner-container is-layout-flow wp-block-group-is-layout-flow\">\n<div class=\"wp-block-group card\"><div class=\"wp-block-group__inner-container is-layout-flow wp-block-group-is-layout-flow\">\n<figure class=\"wp-block-image size-full\"><img loading=\"lazy\" decoding=\"async\" width=\"800\" height=\"400\" src=\"https:\/\/www.newnote.pt\/wp-content\/uploads\/2022\/01\/maintenance_services.jpg\" alt=\"\" class=\"wp-image-283\" srcset=\"https:\/\/www.newnote.pt\/wp-content\/uploads\/2022\/01\/maintenance_services.jpg 800w, https:\/\/www.newnote.pt\/wp-content\/uploads\/2022\/01\/maintenance_services-300x150.jpg 300w, https:\/\/www.newnote.pt\/wp-content\/uploads\/2022\/01\/maintenance_services-768x384.jpg 768w, https:\/\/www.newnote.pt\/wp-content\/uploads\/2022\/01\/maintenance_services-600x300.jpg 600w\" sizes=\"auto, (max-width: 800px) 100vw, 800px\" \/><\/figure>\n\n\n<div class=\"wp-block-group card-body\"><div class=\"wp-block-group__inner-container is-layout-flow wp-block-group-is-layout-flow\">\n<h2 class=\"wp-block-heading\">Gesti\u00f3n de contratos de mantenimiento<\/h2>\n\n\n\n<p>NewNote ofrece servicios de asistencia t\u00e9cnica in situ en toda la Pen\u00ednsula Ib\u00e9rica (Portugal y Espa\u00f1a) utilizando sus propios equipos t\u00e9cnicos y colaboraciones geogr\u00e1ficas que brindan un soporte de calidad a todos los productos y soluciones comercializados por NewNote. Gracias a los diversos tipos de niveles de servicio y alcance, podemos garantizar un servicio de alta calidad con indicadores de excelencia para nuestros clientes y para los clientes de las instituciones financieras.<\/p>\n<\/div><\/div>\n<\/div><\/div>\n<\/div><\/div>\n\n\t<\/div>\n\n\n\n<div class=\"col-12 col-md-4\">\n\t\t\t\n\n<div class=\"wp-block-group card-deck\"><div class=\"wp-block-group__inner-container is-layout-flow wp-block-group-is-layout-flow\">\n<div class=\"wp-block-group card\"><div class=\"wp-block-group__inner-container is-layout-flow wp-block-group-is-layout-flow\">\n<figure class=\"wp-block-image size-full\"><img loading=\"lazy\" decoding=\"async\" width=\"800\" height=\"400\" src=\"https:\/\/www.newnote.pt\/wp-content\/uploads\/2022\/01\/support_services.jpg\" alt=\"\" class=\"wp-image-276\" srcset=\"https:\/\/www.newnote.pt\/wp-content\/uploads\/2022\/01\/support_services.jpg 800w, https:\/\/www.newnote.pt\/wp-content\/uploads\/2022\/01\/support_services-300x150.jpg 300w, https:\/\/www.newnote.pt\/wp-content\/uploads\/2022\/01\/support_services-768x384.jpg 768w, https:\/\/www.newnote.pt\/wp-content\/uploads\/2022\/01\/support_services-600x300.jpg 600w\" sizes=\"auto, (max-width: 800px) 100vw, 800px\" \/><\/figure>\n\n\n<div class=\"wp-block-group card-body\"><div class=\"wp-block-group__inner-container is-layout-flow wp-block-group-is-layout-flow\">\n<h2 class=\"wp-block-heading\">Laboratorio de reparaci\u00f3n<\/h2>\n\n\n\n<p>Todos los equipos y soluciones comercializados por NewNote son mantenidos, reparados y sometidos a procesos de reacondicionamiento en el laboratorio de NewNote, por los propios equipos de NewNote, y en un entorno seguro y certificado por los patrones del sector.<\/p>\n<\/div><\/div>\n<\/div><\/div>\n<\/div><\/div>\n\n\t<\/div>\n\n<\/div>\n","protected":false},"excerpt":{"rendered":"<p> [&#8230;]<\/p>\n<p><a class=\"btn btn-secondary understrap-read-more-link\" href=\"https:\/\/www.newnote.pt\/es\/servicios-profesionales\/\">Leer m\u00e1s&#8230;<span class=\"screen-reader-text\"> from Servicios profesionales<\/span><\/a><\/p>\n","protected":false},"author":1,"featured_media":0,"parent":0,"menu_order":0,"comment_status":"closed","ping_status":"closed","template":"","meta":{"footnotes":""},"class_list":["post-1784","page","type-page","status-publish","hentry"],"_links":{"self":[{"href":"https:\/\/www.newnote.pt\/es\/wp-json\/wp\/v2\/pages\/1784","targetHints":{"allow":["GET"]}}],"collection":[{"href":"https:\/\/www.newnote.pt\/es\/wp-json\/wp\/v2\/pages"}],"about":[{"href":"https:\/\/www.newnote.pt\/es\/wp-json\/wp\/v2\/types\/page"}],"author":[{"embeddable":true,"href":"https:\/\/www.newnote.pt\/es\/wp-json\/wp\/v2\/users\/1"}],"replies":[{"embeddable":true,"href":"https:\/\/www.newnote.pt\/es\/wp-json\/wp\/v2\/comments?post=1784"}],"version-history":[{"count":1,"href":"https:\/\/www.newnote.pt\/es\/wp-json\/wp\/v2\/pages\/1784\/revisions"}],"predecessor-version":[{"id":1785,"href":"https:\/\/www.newnote.pt\/es\/wp-json\/wp\/v2\/pages\/1784\/revisions\/1785"}],"wp:attachment":[{"href":"https:\/\/www.newnote.pt\/es\/wp-json\/wp\/v2\/media?parent=1784"}],"curies":[{"name":"wp","href":"https:\/\/api.w.org\/{rel}","templated":true}]}}