{"id":1792,"date":"2022-03-10T16:38:30","date_gmt":"2022-03-10T16:38:30","guid":{"rendered":"https:\/\/www.newnote.pt\/smart-pos\/"},"modified":"2022-09-27T14:41:14","modified_gmt":"2022-09-27T14:41:14","slug":"smart-pos","status":"publish","type":"page","link":"https:\/\/www.newnote.pt\/es\/smart-pos\/","title":{"rendered":"Smart POS"},"content":{"rendered":"\n<p>Los SmartPOS son dispositivos innovadores que combinan el sector de pagos electr\u00f3nicos seguros con el mundo de las aplicaciones de negocios basadas en Android. Los SmartPOS NewNote ofrecen soluciones de soporte innovadoras para el sector del comercio minorista, hoteles, restaurantes, log\u00edstica y ventas especializadas, y puede integrar completamente todas las aplicaciones de negocio basadas en la nube relacionadas con el negocio de los clientes, as\u00ed como las aplicaciones de log\u00edstica, fidelizaci\u00f3n y CRM. Estos dispositivos de \u00faltima generaci\u00f3n pueden funcionar como un equipo totalmente adaptado a los entornos tradicionales de cajas registradoras o adaptando estos establecimientos a nuevos entornos de uso, desmaterializando y reinventando el concepto de cajas registradoras. La introducci\u00f3n de este tipo de equipos en el mercado marca un punto crucial en la evoluci\u00f3n de los sistemas de pago electr\u00f3nico. Gracias a que soporta sin problemas m\u00faltiples aplicaciones, las plataformas basadas en Android ofrecen puntos de interacci\u00f3n cliente\/comerciante enriquecidos, m\u00e1s similares a tabletas o dispositivos m\u00f3viles inteligentes, en comparaci\u00f3n con los terminales POS tradicionales.<\/p>\n\n<div class=\"wp-block-group fullwidth bg-aliceblue mt-5\"><div class=\"wp-block-group__inner-container is-layout-flow wp-block-group-is-layout-flow\"><div class=\"wp-bootstrap-blocks-container container mb-0\">\n\t\n<div class=\"wp-bootstrap-blocks-row row g-0\">\n\t\n\n<div class=\"col-12 col-md-9\">\n\t\t\t\n\n<h4 class=\"wp-block-heading\">N910<\/h4>\n\n\n\n<p>El SmartPOS N910 es un dispositivo que ofrece una interfaz de \u00faltima generaci\u00f3n a trav\u00e9s de una pantalla t\u00e1ctil con todos los mecanismos de aceptaci\u00f3n de pagos (tarjetas con chip, banda magn\u00e9tica, contactless\/NFC y c\u00f3digo QR) y cuenta tambi\u00e9n con una impresora t\u00e9rmica de alta velocidad integrada, adem\u00e1s de una c\u00e1mara para leer c\u00f3digos de barras y c\u00f3digos QR. Al contar con varias opciones de comunicaci\u00f3n m\u00f3vil y fija, se puede utilizar en cualquier tienda o entorno de movilidad total.<\/p>\n\n\n\n<div class=\"wp-block-file btn btn-newnote\"><a id=\"wp-block-file--media-ecbe618a-a48e-46d0-a9dc-b574eb0791bc\" href=\"https:\/\/www.newnote.pt\/wp-content\/uploads\/2022\/03\/NewNote_SmartPOS_N910.pdf\" target=\"_blank\" rel=\"noreferrer noopener\">Hoja de datos<\/a><\/div>\n\n\n<a href=\"#gb-gallery-1392547953\" id=\"gb-gallery-1392547953\" data-images=\"[&quot;https:\/\/www.newnote.pt\/wp-content\/uploads\/2022\/03\/N910-1.jpeg&quot;, &quot;https:\/\/www.newnote.pt\/wp-content\/uploads\/2022\/03\/N910-2.jpeg&quot;, &quot;https:\/\/www.newnote.pt\/wp-content\/uploads\/2022\/03\/N910-3.jpeg&quot;, &quot;https:\/\/www.newnote.pt\/wp-content\/uploads\/2022\/03\/N910-4.jpeg&quot;, &quot;https:\/\/www.newnote.pt\/wp-content\/uploads\/2022\/03\/N910-5.jpeg&quot;, &quot;https:\/\/www.newnote.pt\/wp-content\/uploads\/2022\/03\/N910-6.jpeg&quot;, &quot;https:\/\/www.newnote.pt\/wp-content\/uploads\/2022\/03\/N910-7.jpeg&quot;, &quot;https:\/\/www.newnote.pt\/wp-content\/uploads\/2022\/03\/N910-8.jpeg&quot;]\" class=\"gb-gallery btn btn-newnote\">Galeria de Imagens<\/a>\n\n\t<\/div>\n\n\n\n<div class=\"col-12 col-md-3\">\n\t\t\t\n\n<figure class=\"wp-block-image size-full\"><img decoding=\"async\" src=\"https:\/\/www.newnote.pt\/wp-content\/uploads\/2022\/03\/N910.png\" alt=\"\" class=\"wp-image-507\"\/><\/figure>\n\t<\/div>\n\n<\/div>\n\n<\/div>\n<\/div><\/div>\n\n<div class=\"wp-block-group fullwidth bg-lightaliceblue\"><div class=\"wp-block-group__inner-container is-layout-flow wp-block-group-is-layout-flow\"><div class=\"wp-bootstrap-blocks-container container mb-0\">\n\t\n<div class=\"wp-bootstrap-blocks-row row g-0\">\n\t\n\n<div class=\"col-12 col-md-9\">\n\t\t\t\n\n<h4 class=\"wp-block-heading\">N700<\/h4>\n\n\n\n<p>El SmartPOS N700 es un terminal compacto pero extremadamente potente. El N700 es m\u00e1s peque\u00f1o que un SmartPOS convencional y ofrece las mismas funciones, pero sin la impresora t\u00e9rmica. Este dise\u00f1o ofrece una soluci\u00f3n de acceso simple para los clientes que buscan los recursos casi infinitos de una plataforma SmartPOS.<\/p>\n\n\n\n<div class=\"wp-block-file btn btn-newnote\"><a id=\"wp-block-file--media-30f8afeb-fa83-4fc3-8939-0700f933d248\" href=\"https:\/\/www.newnote.pt\/wp-content\/uploads\/2022\/03\/NewNote_SmartPOS_N700.pdf\" target=\"_blank\" rel=\"noreferrer noopener\">Hoja de datos<\/a><\/div>\n\n\n<a href=\"#gb-gallery-62879179\" id=\"gb-gallery-62879179\" data-images=\"[&quot;https:\/\/www.newnote.pt\/wp-content\/uploads\/2022\/03\/N700-1.jpeg&quot;, &quot;https:\/\/www.newnote.pt\/wp-content\/uploads\/2022\/03\/N700-2.jpeg&quot;, &quot;https:\/\/www.newnote.pt\/wp-content\/uploads\/2022\/03\/N700-3.jpeg&quot;, &quot;https:\/\/www.newnote.pt\/wp-content\/uploads\/2022\/03\/N700-4.jpeg&quot;, &quot;https:\/\/www.newnote.pt\/wp-content\/uploads\/2022\/03\/N700-5.jpeg&quot;, &quot;https:\/\/www.newnote.pt\/wp-content\/uploads\/2022\/03\/N700-6.jpeg&quot;, &quot;https:\/\/www.newnote.pt\/wp-content\/uploads\/2022\/03\/N700-7.jpeg&quot;]\" class=\"gb-gallery btn btn-newnote\">Galeria de Imagens<\/a>\n\n\t<\/div>\n\n\n\n<div class=\"col-12 col-md-3\">\n\t\t\t\n\n<figure class=\"wp-block-image size-full\"><img decoding=\"async\" src=\"https:\/\/www.newnote.pt\/wp-content\/uploads\/2022\/03\/N700.png\" alt=\"\" class=\"wp-image-506\"\/><\/figure>\n\t<\/div>\n\n<\/div>\n\n<\/div>\n<\/div><\/div>\n","protected":false},"excerpt":{"rendered":"<p>Los SmartPOS son dispositivos innovadores que combinan el sector de pagos electr\u00f3nicos seguros con el mundo de las aplicaciones de negocios basadas en Android. Los SmartPOS NewNote ofrecen soluciones de soporte innovadoras para el sector del comercio minorista, hoteles, restaurantes, log\u00edstica y ventas especializadas, y puede integrar completamente todas las aplicaciones de negocio basadas en [&#8230;]<\/p>\n<p><a class=\"btn btn-secondary understrap-read-more-link\" href=\"https:\/\/www.newnote.pt\/es\/smart-pos\/\">Leer m\u00e1s&#8230;<span class=\"screen-reader-text\"> from Smart POS<\/span><\/a><\/p>\n","protected":false},"author":1,"featured_media":0,"parent":0,"menu_order":0,"comment_status":"closed","ping_status":"closed","template":"","meta":{"footnotes":""},"class_list":["post-1792","page","type-page","status-publish","hentry"],"_links":{"self":[{"href":"https:\/\/www.newnote.pt\/es\/wp-json\/wp\/v2\/pages\/1792","targetHints":{"allow":["GET"]}}],"collection":[{"href":"https:\/\/www.newnote.pt\/es\/wp-json\/wp\/v2\/pages"}],"about":[{"href":"https:\/\/www.newnote.pt\/es\/wp-json\/wp\/v2\/types\/page"}],"author":[{"embeddable":true,"href":"https:\/\/www.newnote.pt\/es\/wp-json\/wp\/v2\/users\/1"}],"replies":[{"embeddable":true,"href":"https:\/\/www.newnote.pt\/es\/wp-json\/wp\/v2\/comments?post=1792"}],"version-history":[{"count":1,"href":"https:\/\/www.newnote.pt\/es\/wp-json\/wp\/v2\/pages\/1792\/revisions"}],"predecessor-version":[{"id":1793,"href":"https:\/\/www.newnote.pt\/es\/wp-json\/wp\/v2\/pages\/1792\/revisions\/1793"}],"wp:attachment":[{"href":"https:\/\/www.newnote.pt\/es\/wp-json\/wp\/v2\/media?parent=1792"}],"curies":[{"name":"wp","href":"https:\/\/api.w.org\/{rel}","templated":true}]}}