{"id":1794,"date":"2021-09-23T15:15:53","date_gmt":"2021-09-23T15:15:53","guid":{"rendered":"https:\/\/www.newnote.pt\/terminales-de-pago-automatico-tpa\/"},"modified":"2022-09-27T14:47:19","modified_gmt":"2022-09-27T14:47:19","slug":"terminales-de-pago-automatico-tpa","status":"publish","type":"page","link":"https:\/\/www.newnote.pt\/es\/terminales-de-pago-automatico-tpa\/","title":{"rendered":"Terminales de pago autom\u00e1tico (TPA)"},"content":{"rendered":"\n<p>Los Terminales de Pago Autom\u00e1tico (TPA) son soluciones seguras, pr\u00e1cticas y efectivas para recibir pagos electr\u00f3nicos de d\u00e9bito y cr\u00e9dito a trav\u00e9s de tarjetas magn\u00e9ticas, tarjetas con chip, tarjetas contactless, pagos por NFC (Near Field Communication) y mediante c\u00f3digo QR (como es el caso de los pagos por MB WAY). Los TPA tambi\u00e9n permiten diversas operaciones como pago de servicios, recargas, comunicaciones, pago de impuestos, peajes, autorizaciones y compras parciales mediante convenio entre el comerciante y un banco de apoyo. Con configuraciones que van desde modelos m\u00f3viles (3G, GPRS) hasta modelos port\u00e1tiles (wifi) y modelos basados \u200b\u200ben comunicaciones fijas IP (CounterTop), los terminales NewNote representan soluciones tecnol\u00f3gicamente avanzadas, basadas en plataformas de hardware de los principales fabricantes en el mundo y con certificaciones del sector PCI, EMV, SIBS, Redsys, Visa, Mastercard, China Union Pay, etc. Los TPA tambi\u00e9n pueden trabajar de forma integrada con soluciones de cajas registradoras y software de facturaci\u00f3n. Al poder trabajar en ambientes interiores o exteriores, los TPA de NewNote permiten modernas experiencias de compra y perfectamente adaptadas a la realidad omnicanal, con total libertad para la creaci\u00f3n de entornos de pago intuitivos y de alta disponibilidad.<\/p>\n\n<div class=\"wp-block-group product-category\"><div class=\"wp-block-group__inner-container is-layout-flow wp-block-group-is-layout-flow\">\n<h3 class=\"has-text-align-center wp-block-heading\">POS M\u00f3vel (GPRS, 3G)<\/h3>\n\n\n\n<p>Estos modelos est\u00e1n pensados \u200b\u200bpara entornos en los que la movilidad es un factor determinante, siendo cada vez m\u00e1s una opci\u00f3n para los entornos de punto de venta por su rapidez y facilidad de implementaci\u00f3n. Dado que utiliza la infraestructura proporcionada por los operadores de comunicaciones m\u00f3viles como medio de comunicaci\u00f3n, la mayor ventaja de esta soluci\u00f3n es la movilidad total. Los terminales GPRS y 3G requieren el uso de una tarjeta de datos GPRS y 3G, con accesorios opcionales como cargadores para mecheros de coche y bolsas de transporte.<\/p>\n<\/div><\/div>\n\n<div class=\"wp-block-group fullwidth bg-aliceblue\"><div class=\"wp-block-group__inner-container is-layout-flow wp-block-group-is-layout-flow\"><div class=\"wp-bootstrap-blocks-container container mb-0\">\n\t\n<div class=\"wp-bootstrap-blocks-row row g-0\">\n\t\n\n<div class=\"col-12 col-md-9\">\n\t\t\t\n\n<h4 class=\"wp-block-heading\">POS SPg7 GPRS<\/h4>\n\n\n\n<p>El SPg7 es la soluci\u00f3n m\u00f3vil de TPA tradicional definitiva (GPRS y\/o 3G). Ideal para las exigentes necesidades de los entornos de pago de alto rendimiento en la tienda o en movimiento.<\/p>\n\n\n\n<div class=\"wp-block-file btn btn-newnote\"><a id=\"wp-block-file--media-56a25d57-1d73-4e9b-a666-789a706766ca\" href=\"https:\/\/www.newnote.pt\/wp-content\/uploads\/2022\/03\/NewNote_SPg7.pdf\" target=\"_blank\" rel=\"noreferrer noopener\">Hoja de datos<\/a><\/div>\n\n\n<a href=\"#gb-gallery-1253342546\" id=\"gb-gallery-1253342546\" data-images=\"[&quot;https:\/\/www.newnote.pt\/wp-content\/uploads\/2022\/03\/SPg7-1.jpeg&quot;, &quot;https:\/\/www.newnote.pt\/wp-content\/uploads\/2022\/03\/SPg7-2.jpeg&quot;, &quot;https:\/\/www.newnote.pt\/wp-content\/uploads\/2022\/03\/SPg7-3.jpeg&quot;, &quot;https:\/\/www.newnote.pt\/wp-content\/uploads\/2022\/03\/SPg7-4.jpeg&quot;, &quot;https:\/\/www.newnote.pt\/wp-content\/uploads\/2022\/03\/SPg7-5.jpeg&quot;, &quot;https:\/\/www.newnote.pt\/wp-content\/uploads\/2022\/03\/SPg7-6.jpeg&quot;, &quot;https:\/\/www.newnote.pt\/wp-content\/uploads\/2022\/03\/SPg7-7.jpeg&quot;, &quot;https:\/\/www.newnote.pt\/wp-content\/uploads\/2022\/03\/SPg7-8.jpeg&quot;, &quot;https:\/\/www.newnote.pt\/wp-content\/uploads\/2022\/03\/SPg7-9.jpeg&quot;, &quot;https:\/\/www.newnote.pt\/wp-content\/uploads\/2022\/03\/SPg7-10.jpeg&quot;, &quot;https:\/\/www.newnote.pt\/wp-content\/uploads\/2022\/03\/SPg7-11.jpeg&quot;]\" class=\"gb-gallery btn btn-newnote\">Galeria de Imagens<\/a>\n\n\t<\/div>\n\n\n\n<div class=\"col-12 col-md-3\">\n\t\t\t\n\n<figure class=\"wp-block-image size-full\"><img loading=\"lazy\" decoding=\"async\" width=\"484\" height=\"418\" src=\"https:\/\/www.newnote.pt\/wp-content\/uploads\/2022\/01\/POS_SPg7.png\" alt=\"\" class=\"wp-image-197\" srcset=\"https:\/\/www.newnote.pt\/wp-content\/uploads\/2022\/01\/POS_SPg7.png 484w, https:\/\/www.newnote.pt\/wp-content\/uploads\/2022\/01\/POS_SPg7-300x259.png 300w\" sizes=\"auto, (max-width: 484px) 100vw, 484px\" \/><\/figure>\n\t<\/div>\n\n<\/div>\n\n<\/div>\n<\/div><\/div>\n\n<div class=\"wp-block-group fullwidth bg-lightaliceblue\"><div class=\"wp-block-group__inner-container is-layout-flow wp-block-group-is-layout-flow\"><div class=\"wp-bootstrap-blocks-container container mb-0\">\n\t\n<div class=\"wp-bootstrap-blocks-row row g-0\">\n\t\n\n<div class=\"col-12 col-md-9\">\n\t\t\t\n\n<h4 class=\"wp-block-heading\">POS SP930 GPRS\/3G<\/h4>\n\n\n\n<p>El SP930 es un terminal m\u00f3vil duradero y f\u00e1cil de usar, con una gran pantalla t\u00e1ctil capacitiva y una poderosa capacidad de comunicaci\u00f3n, ofrece m\u00faltiples soluciones y oportunidades de negocio para los usuarios y satisface las aplicaciones verticales demandadas por las crecientes necesidades del mercado actual.<\/p>\n\n\n\n<div class=\"wp-block-file btn btn-newnote\"><a id=\"wp-block-file--media-1c0e0b20-3494-4fe1-a15a-2f1a3ded6bcf\" href=\"https:\/\/www.newnote.pt\/wp-content\/uploads\/2022\/03\/NewNote_SP930.pdf\" target=\"_blank\" rel=\"noreferrer noopener\">Hoja de datos<br\/><\/a><\/div>\n\n\n<a href=\"#gb-gallery-1444382066\" id=\"gb-gallery-1444382066\" data-images=\"[&quot;https:\/\/www.newnote.pt\/wp-content\/uploads\/2022\/03\/SP930_1.png&quot;, &quot;https:\/\/www.newnote.pt\/wp-content\/uploads\/2022\/03\/SP930_2.png&quot;, &quot;https:\/\/www.newnote.pt\/wp-content\/uploads\/2022\/03\/SP930_3.png&quot;, &quot;https:\/\/www.newnote.pt\/wp-content\/uploads\/2022\/03\/SP930_4.png&quot;, &quot;https:\/\/www.newnote.pt\/wp-content\/uploads\/2022\/03\/SP930_5.png&quot;, &quot;https:\/\/www.newnote.pt\/wp-content\/uploads\/2022\/03\/SP930_6.jpeg&quot;, &quot;https:\/\/www.newnote.pt\/wp-content\/uploads\/2022\/03\/SP930_7.jpeg&quot;, &quot;https:\/\/www.newnote.pt\/wp-content\/uploads\/2022\/03\/SP930_8.jpeg&quot;, &quot;https:\/\/www.newnote.pt\/wp-content\/uploads\/2022\/03\/SP930_9.jpeg&quot;, &quot;&quot;]\" class=\"gb-gallery btn btn-newnote\">Galeria de Imagens<\/a>\n\n\t<\/div>\n\n\n\n<div class=\"col-12 col-md-3\">\n\t\t\t\n\n<figure class=\"wp-block-image size-full\"><img loading=\"lazy\" decoding=\"async\" width=\"483\" height=\"415\" src=\"https:\/\/www.newnote.pt\/wp-content\/uploads\/2022\/01\/POS_SP930.png\" alt=\"POS_SP930\" class=\"wp-image-225\" srcset=\"https:\/\/www.newnote.pt\/wp-content\/uploads\/2022\/01\/POS_SP930.png 483w, https:\/\/www.newnote.pt\/wp-content\/uploads\/2022\/01\/POS_SP930-300x258.png 300w\" sizes=\"auto, (max-width: 483px) 100vw, 483px\" \/><\/figure>\n\t<\/div>\n\n<\/div>\n\n<\/div>\n<\/div><\/div>\n\n<div class=\"wp-block-group fullwidth bg-aliceblue\"><div class=\"wp-block-group__inner-container is-layout-flow wp-block-group-is-layout-flow\"><div class=\"wp-bootstrap-blocks-container container mb-0\">\n\t\n<div class=\"wp-bootstrap-blocks-row row g-0\">\n\t\n\n<div class=\"col-12 col-md-9\">\n\t\t\t\n\n<h4 class=\"wp-block-heading\">POS SP630 GPRS\/3G<\/h4>\n\n\n\n<p>El SP630 es un terminal m\u00f3vil innovador de nueva generaci\u00f3n que facilita el pago sin problemas en el punto de venta. Est\u00e1 equipado con un procesador r\u00e1pido y potente, y cuenta con una interfaz de usuario interactiva e intuitiva para una experiencia de pago r\u00e1pida.<\/p>\n\n\n\n<div class=\"wp-block-file btn btn-newnote\"><a id=\"wp-block-file--media-12efb8de-de1e-49e5-b5a1-7650ab38a6b7\" href=\"https:\/\/www.newnote.pt\/wp-content\/uploads\/2022\/03\/NewNote_SP630.pdf\" target=\"_blank\" rel=\"noreferrer noopener\">Hoja de datos<\/a><\/div>\n\n\n<a href=\"#gb-gallery-2051459049\" id=\"gb-gallery-2051459049\" data-images=\"[&quot;https:\/\/www.newnote.pt\/wp-content\/uploads\/2022\/03\/SP630_1.png&quot;, &quot;https:\/\/www.newnote.pt\/wp-content\/uploads\/2022\/03\/SP630_2.png&quot;, &quot;https:\/\/www.newnote.pt\/wp-content\/uploads\/2022\/03\/SP630_3.png&quot;, &quot;https:\/\/www.newnote.pt\/wp-content\/uploads\/2022\/03\/SP630_4.png&quot;, &quot;https:\/\/www.newnote.pt\/wp-content\/uploads\/2022\/03\/SP630_5.png&quot;, &quot;https:\/\/www.newnote.pt\/wp-content\/uploads\/2022\/03\/SP630_6.jpeg&quot;, &quot;https:\/\/www.newnote.pt\/wp-content\/uploads\/2022\/03\/SP630_7.jpeg&quot;, &quot;&quot;]\" class=\"gb-gallery btn btn-newnote\">Galeria de Imagens<\/a>\n\n\t<\/div>\n\n\n\n<div class=\"col-12 col-md-3\">\n\t\t\t\n\n<figure class=\"wp-block-image size-full\"><img loading=\"lazy\" decoding=\"async\" width=\"483\" height=\"415\" src=\"https:\/\/www.newnote.pt\/wp-content\/uploads\/2022\/01\/POS_SP630.png\" alt=\"\" class=\"wp-image-227\" srcset=\"https:\/\/www.newnote.pt\/wp-content\/uploads\/2022\/01\/POS_SP630.png 483w, https:\/\/www.newnote.pt\/wp-content\/uploads\/2022\/01\/POS_SP630-300x258.png 300w\" sizes=\"auto, (max-width: 483px) 100vw, 483px\" \/><\/figure>\n\t<\/div>\n\n<\/div>\n\n<\/div>\n<\/div><\/div>\n\n<div class=\"wp-block-group product-category\"><div class=\"wp-block-group__inner-container is-layout-flow wp-block-group-is-layout-flow\">\n<h3 class=\"has-text-align-center wp-block-heading\">Wi-Fi POS<\/h3>\n\n\n\n<p class=\"has-text-align-center\">Los TPA wifi ofrecen una soluci\u00f3n con movilidad dentro de la red wifi, lo que permite la implementaci\u00f3n de una soluci\u00f3n de pago electr\u00f3nico en lugares donde la red m\u00f3vil GPRS\/3G pueda ser deficiente. Al no requerir un contrato de comunicaciones m\u00f3viles, permite el funcionamiento en la misma red de Internet wifi que el establecimiento comercial. Los terminales NewNote cuentan con 1 punto de acceso wifi que establece una red privada wifi segura exclusiva de TPA dentro de la red wifi del establecimiento comercial.<\/p>\n<\/div><\/div>\n\n<div class=\"wp-block-group fullwidth bg-aliceblue\"><div class=\"wp-block-group__inner-container is-layout-flow wp-block-group-is-layout-flow\"><div class=\"wp-bootstrap-blocks-container container mb-0\">\n\t\n<div class=\"wp-bootstrap-blocks-row row g-0\">\n\t\n\n<div class=\"col-12 col-md-9\">\n\t\t\t\n\n<h4 class=\"wp-block-heading\">POS SPg7 Wi-Fi<\/h4>\n\n\n\n<p>El SPg7 es la soluci\u00f3n m\u00f3vil de TPA tradicional definitiva en entornos con comunicaciones wifi.<\/p>\n\n\n\n<div class=\"wp-block-file btn btn-newnote\"><a id=\"wp-block-file--media-f6412d37-2fa0-45c5-a6ae-7596321129e1\" href=\"https:\/\/www.newnote.pt\/wp-content\/uploads\/2022\/03\/NewNote_SPg7.pdf\" target=\"_blank\" rel=\"noreferrer noopener\">Hoja de datos<\/a><\/div>\n\n\n<a href=\"#gb-gallery-1868259606\" id=\"gb-gallery-1868259606\" data-images=\"[&quot;https:\/\/www.newnote.pt\/wp-content\/uploads\/2022\/03\/SPg7Wifi-1.jpeg&quot;, &quot;https:\/\/www.newnote.pt\/wp-content\/uploads\/2022\/03\/SPg7Wifi-2.jpeg&quot;, &quot;https:\/\/www.newnote.pt\/wp-content\/uploads\/2022\/03\/SPg7Wifi-3.jpeg&quot;, &quot;https:\/\/www.newnote.pt\/wp-content\/uploads\/2022\/03\/SPg7Wifi-4.jpeg&quot;, &quot;https:\/\/www.newnote.pt\/wp-content\/uploads\/2022\/03\/SPg7Wifi-5.jpeg&quot;, &quot;https:\/\/www.newnote.pt\/wp-content\/uploads\/2022\/03\/SPg7Wifi-6.jpeg&quot;, &quot;https:\/\/www.newnote.pt\/wp-content\/uploads\/2022\/03\/SPg7Wifi-7.jpeg&quot;]\" class=\"gb-gallery btn btn-newnote\">Galeria de Imagens<\/a>\n\n\t<\/div>\n\n\n\n<div class=\"col-12 col-md-3\">\n\t\t\t\n\n<figure class=\"wp-block-image size-full\"><img loading=\"lazy\" decoding=\"async\" width=\"484\" height=\"418\" src=\"https:\/\/www.newnote.pt\/wp-content\/uploads\/2022\/01\/POS_SPg7.png\" alt=\"POS_SPg7\" class=\"wp-image-197\" srcset=\"https:\/\/www.newnote.pt\/wp-content\/uploads\/2022\/01\/POS_SPg7.png 484w, https:\/\/www.newnote.pt\/wp-content\/uploads\/2022\/01\/POS_SPg7-300x259.png 300w\" sizes=\"auto, (max-width: 484px) 100vw, 484px\" \/><\/figure>\n\n\n<p><\/p>\n\n\t<\/div>\n\n<\/div>\n\n<\/div>\n<\/div><\/div>\n\n<div class=\"wp-block-group product-category\"><div class=\"wp-block-group__inner-container is-layout-flow wp-block-group-is-layout-flow\">\n<h3 class=\"has-text-align-center wp-block-heading\">POS Fijo &#8211; Sobremesa<\/h3>\n\n\n\n<p class=\"has-text-align-center\">Este modelo est\u00e1 destinado a ser utilizado en entornos donde la movilidad no es un factor determinante, y donde los TPA est\u00e1n conectados por cable a la red de comunicaciones presente en el establecimiento comercial.<\/p>\n<\/div><\/div>\n\n<div class=\"wp-block-group fullwidth bg-aliceblue\"><div class=\"wp-block-group__inner-container is-layout-flow wp-block-group-is-layout-flow\"><div class=\"wp-bootstrap-blocks-container container mb-0\">\n\t\n<div class=\"wp-bootstrap-blocks-row row g-0\">\n\t\n\n<div class=\"col-12 col-md-9\">\n\t\t\t\n\n<h4 class=\"wp-block-heading\">SPc5 CounterTop<\/h4>\n\n\n\n<p>Un terminal vers\u00e1til y probado para la integraci\u00f3n en sistemas de cajas registradoras con comunicaciones fijas. Totalmente acreditado, seguro y dise\u00f1ado para manejar entornos minoristas de alto rendimiento.<\/p>\n\n\n\n<div class=\"wp-block-file btn btn-newnote\"><a id=\"wp-block-file--media-70e13e71-1ba7-4f8c-8ad3-f84aa53eb63a\" href=\"https:\/\/www.newnote.pt\/wp-content\/uploads\/2022\/03\/NewNote_SPc5.pdf\" target=\"_blank\" rel=\"noreferrer noopener\">Hoja de datos<\/a><\/div>\n\n\n<a href=\"#gb-gallery-738472440\" id=\"gb-gallery-738472440\" data-images=\"[&quot;\/wp-content\/uploads\/2022\/03\/SPc5-1.jpeg&quot;, &quot;\/wp-content\/uploads\/2022\/03\/SPc5-2.jpeg&quot;, &quot;\/wp-content\/uploads\/2022\/03\/SPc5-3.jpeg&quot;, &quot;\/wp-content\/uploads\/2022\/03\/SPc5-4.jpeg&quot;, &quot;\/wp-content\/uploads\/2022\/03\/SPc5-5.jpeg&quot;, &quot;\/wp-content\/uploads\/2022\/03\/SPc5-6.jpeg&quot;, &quot;\/wp-content\/uploads\/2022\/03\/SPc5-7.jpeg&quot;, &quot;\/wp-content\/uploads\/2022\/03\/SPc5-8.jpeg&quot;, &quot;\/wp-content\/uploads\/2022\/03\/SPc5-9.jpeg&quot;, &quot;\/wp-content\/uploads\/2022\/03\/SPc5-10.jpeg&quot;]\" class=\"gb-gallery btn btn-newnote\">Galeria de Imagens<\/a>\n\n\t<\/div>\n\n\n\n<div class=\"col-12 col-md-3\">\n\t\t\t\n\n<figure class=\"wp-block-image size-full\"><img loading=\"lazy\" decoding=\"async\" width=\"483\" height=\"415\" src=\"https:\/\/www.newnote.pt\/wp-content\/uploads\/2022\/01\/POS_SPc5.png\" alt=\"POS_SPc5\" class=\"wp-image-237\" srcset=\"https:\/\/www.newnote.pt\/wp-content\/uploads\/2022\/01\/POS_SPc5.png 483w, https:\/\/www.newnote.pt\/wp-content\/uploads\/2022\/01\/POS_SPc5-300x258.png 300w\" sizes=\"auto, (max-width: 483px) 100vw, 483px\" \/><\/figure>\n\t<\/div>\n\n<\/div>\n\n<\/div>\n<\/div><\/div>\n","protected":false},"excerpt":{"rendered":"<p>Los Terminales de Pago Autom\u00e1tico (TPA) son soluciones seguras, pr\u00e1cticas y efectivas para recibir pagos electr\u00f3nicos de d\u00e9bito y cr\u00e9dito a trav\u00e9s de tarjetas magn\u00e9ticas, tarjetas con chip, tarjetas contactless, pagos por NFC (Near Field Communication) y mediante c\u00f3digo QR (como es el caso de los pagos por MB WAY). Los TPA tambi\u00e9n permiten diversas [&#8230;]<\/p>\n<p><a class=\"btn btn-secondary understrap-read-more-link\" href=\"https:\/\/www.newnote.pt\/es\/terminales-de-pago-automatico-tpa\/\">Leer m\u00e1s&#8230;<span class=\"screen-reader-text\"> from Terminales de pago autom\u00e1tico (TPA)<\/span><\/a><\/p>\n","protected":false},"author":1,"featured_media":0,"parent":0,"menu_order":0,"comment_status":"closed","ping_status":"closed","template":"","meta":{"footnotes":""},"class_list":["post-1794","page","type-page","status-publish","hentry"],"_links":{"self":[{"href":"https:\/\/www.newnote.pt\/es\/wp-json\/wp\/v2\/pages\/1794","targetHints":{"allow":["GET"]}}],"collection":[{"href":"https:\/\/www.newnote.pt\/es\/wp-json\/wp\/v2\/pages"}],"about":[{"href":"https:\/\/www.newnote.pt\/es\/wp-json\/wp\/v2\/types\/page"}],"author":[{"embeddable":true,"href":"https:\/\/www.newnote.pt\/es\/wp-json\/wp\/v2\/users\/1"}],"replies":[{"embeddable":true,"href":"https:\/\/www.newnote.pt\/es\/wp-json\/wp\/v2\/comments?post=1794"}],"version-history":[{"count":1,"href":"https:\/\/www.newnote.pt\/es\/wp-json\/wp\/v2\/pages\/1794\/revisions"}],"predecessor-version":[{"id":1795,"href":"https:\/\/www.newnote.pt\/es\/wp-json\/wp\/v2\/pages\/1794\/revisions\/1795"}],"wp:attachment":[{"href":"https:\/\/www.newnote.pt\/es\/wp-json\/wp\/v2\/media?parent=1794"}],"curies":[{"name":"wp","href":"https:\/\/api.w.org\/{rel}","templated":true}]}}