{"id":1796,"date":"2022-03-10T18:24:36","date_gmt":"2022-03-10T18:24:36","guid":{"rendered":"https:\/\/www.newnote.pt\/cajeros-virtuales-vtm\/"},"modified":"2022-09-27T14:54:23","modified_gmt":"2022-09-27T14:54:23","slug":"cajeros-virtuales-vtm","status":"publish","type":"page","link":"https:\/\/www.newnote.pt\/es\/cajeros-virtuales-vtm\/","title":{"rendered":"Cajeros virtuales (VTM)"},"content":{"rendered":"\n<p>Los VTM GRGBanking son soluciones innovadoras y de alta seguridad para la automatizaci\u00f3n de los servicios bancarios y que aprovechan la tecnolog\u00eda de videoconferencia para integrar las ventajas de la asistencia de autoservicio asociada al servicio tradicional de una ventanilla bancaria, brindando una experiencia bancaria completa con menos espacio f\u00edsico.<\/p>\n\n<p>Gracias a su dise\u00f1o modular vers\u00e1til, permiten la migraci\u00f3n de servicios complejos de ventanilla y de servicios de asesor\u00eda financiera personalizada a la terminal de autoservicio. M\u00e1s del 95 % de los servicios generalmente asociados a una sucursal bancaria pueden estar disponibles en los VTM GRGBanking, lo que permite a los clientes realizar casi todas las operaciones asociadas con el negocio bancario a trav\u00e9s de la interacci\u00f3n de video en tiempo real y la orientaci\u00f3n de un operador remoto.<\/p>\n\n<p>Gracias a su capacidad de integrar servicios de ventanilla, cajeros autom\u00e1ticos, banca por Internet, banca m\u00f3vil y banca telef\u00f3nica, se trata verdaderamente de una plataforma multicanal, lo que abre el potencial para crear m\u00e1s opciones de transacciones y servicios. Se pueden incorporar diferentes m\u00f3dulos para dep\u00f3sito, retirada de efectivo, dep\u00f3sitos de cheques, apertura de cuentas, suscripci\u00f3n de productos, pagos, etc. La implementaci\u00f3n de una soluci\u00f3n VTM con miras a complementar o reemplazar a un empleado de ventanilla tiene como objetivo la implementaci\u00f3n de mecanismos automatizados y realizados por el propio cliente bancario, de forma no presencial, en el caso de transacciones y operaciones sin gran complejidad. Las soluciones VTM tambi\u00e9n pueden realizar operaciones\/transacciones m\u00e1s complejas utilizando el soporte remoto o presencial de los empleados del banco.<\/p>\n\n<p>Posibles caracter\u00edsticas de hardware:<\/p>\n\n<ul class=\"wp-block-list\"><li>Dep\u00f3sito y retirada de efectivo con capacidad para reciclar billetes de valor elevado;<\/li><li>Dep\u00f3sito de cheques bancarios;<\/li><li>Retirada y dep\u00f3sito de monedas con sistemas de alta capacidad;<\/li><li>Lector de tarjetas bancarias con capacidad para recoger tarjetas, tanto dejadas por los usuarios, sin validez o por razones de seguridad;<\/li><li>Impresora de recibos e impresora A4;<\/li><li>Sistema de videoconferencia;<\/li><li>Lector de c\u00f3digo de barras y c\u00f3digo QR;<\/li><li>Pantalla t\u00e1ctil a color;<\/li><li>Posibilidad de implementaci\u00f3n tradicional en pared o en una ubicaci\u00f3n fuera de las instalaciones.<\/li><\/ul>\n<p><\/p>\n\n<div class=\"wp-block-group fullwidth bg-aliceblue mt-5\"><div class=\"wp-block-group__inner-container is-layout-flow wp-block-group-is-layout-flow\"><div class=\"wp-bootstrap-blocks-container container mb-0\">\n\t\n<div class=\"wp-bootstrap-blocks-row row g-0\">\n\t\n\n<div class=\"col-12 col-md-9\">\n\t\t\t\n\n<h4 class=\"wp-block-heading\">VTM I60 Series Video Teller Machine<\/h4>\n\n\n\n<p>El VTM I60 es una soluci\u00f3n innovadora y de alta seguridad para la automatizaci\u00f3n de los servicios bancarios, y que adem\u00e1s aprovecha la tecnolog\u00eda de videoconferencia para integrar las ventajas de la asistencia de autoservicio asociada al servicio tradicional de una ventanilla bancaria, brindando una experiencia bancaria completa con menos espacio f\u00edsico.<\/p>\n\n\n\n<p>Con su dise\u00f1o modular vers\u00e1til, el VTM I60 permite la migraci\u00f3n de servicios complejos de ventanilla y de servicios de asesor\u00eda financiera personalizada a la terminal de autoservicio. M\u00e1s del 95 % de los servicios generalmente asociados a una sucursal bancaria pueden estar disponibles en los VTM I60, lo que permite a los clientes realizar casi todas las operaciones asociadas con el negocio bancario a trav\u00e9s de la interacci\u00f3n de video en tiempo real y de la orientaci\u00f3n de un operador remoto.<\/p>\n\n\n\n<p>Gracias a su capacidad de integrar servicios de ventanilla, cajeros autom\u00e1ticos, banca por Internet, banca m\u00f3vil y banca telef\u00f3nica, se trata verdaderamente de una plataforma multicanal, lo que abre el potencial para crear m\u00e1s opciones de transacciones y servicios.<\/p>\n\n\n\n<p>El VTM I60 ofrece el potencial de todos los servicios de ventanilla, o mediante m\u00f3dulos, para adaptarse a los objetivos del banco. Se pueden incorporar diferentes m\u00f3dulos para dep\u00f3sito, retirada de efectivo, dep\u00f3sitos de cheques, apertura de cuentas, suscripci\u00f3n de productos, pagos, etc.<\/p>\n\n\n\n<div class=\"wp-block-file btn btn-newnote\"><a id=\"wp-block-file--media-26e2338b-107e-407a-b215-ed1d4df50c30\" href=\"https:\/\/www.newnote.pt\/wp-content\/uploads\/2022\/03\/NewNote_i60_VTM.pdf\" target=\"_blank\" rel=\"noreferrer noopener\">Hoja de datos<\/a><\/div>\n\n\n<a href=\"#gb-gallery-1795288453\" id=\"gb-gallery-1795288453\" data-images=\"[&quot;https:\/\/www.newnote.pt\/wp-content\/uploads\/2022\/03\/I60-1.jpeg&quot;, &quot;https:\/\/www.newnote.pt\/wp-content\/uploads\/2022\/03\/I60-2.jpeg&quot;, &quot;https:\/\/www.newnote.pt\/wp-content\/uploads\/2022\/03\/I60-3.jpeg&quot;, &quot;https:\/\/www.newnote.pt\/wp-content\/uploads\/2022\/03\/I60-4.jpeg&quot;, &quot;https:\/\/www.newnote.pt\/wp-content\/uploads\/2022\/03\/I60-5.jpeg&quot;, &quot;https:\/\/www.newnote.pt\/wp-content\/uploads\/2022\/03\/I60-6.jpeg&quot;, &quot;https:\/\/www.newnote.pt\/wp-content\/uploads\/2022\/03\/I60-7.jpeg&quot;, &quot;https:\/\/www.newnote.pt\/wp-content\/uploads\/2022\/03\/I60-8.jpeg&quot;]\" class=\"gb-gallery btn btn-newnote\">Galeria de Imagens<\/a>\n\n\t<\/div>\n\n\n\n<div class=\"col-12 col-md-3\">\n\t\t\t\n\n<figure class=\"wp-block-image size-full\"><img decoding=\"async\" src=\"https:\/\/www.newnote.pt\/wp-content\/uploads\/2022\/03\/VTM.png\" alt=\"\" class=\"wp-image-661\"\/><\/figure>\n\t<\/div>\n\n<\/div>\n\n<\/div>\n<\/div><\/div>\n\n<div class=\"wp-block-group fullwidth bg-lightaliceblue\"><div class=\"wp-block-group__inner-container is-layout-flow wp-block-group-is-layout-flow\"><div class=\"wp-bootstrap-blocks-container container mb-0\">\n\t\n<div class=\"wp-bootstrap-blocks-row row g-0\">\n\t\n\n<div class=\"col-12 col-md-9\">\n\t\t\t\n\n<h4 class=\"wp-block-heading\">VTM I64A Smart Teller Machine<\/h4>\n\n\n\n<p>La plataforma VTM I64A representa un terminal bancario inteligente dise\u00f1ado para garantizar la migraci\u00f3n f\u00e1cil y continua desde el entorno tradicional de ventanilla bancaria a un sistema de autoservicio donde el cliente puede realizar directamente algunas operaciones con la posibilidad de utilizar un sistema de videoconferencia como apoyo a la operaci\u00f3n con especialistas en productos bancarios. El VTM I64A permite la migraci\u00f3n de servicios de ventanilla complejos y de servicios de asesor\u00eda financiera personalizada a terminales de autoservicio, aumentando la eficiencia operativa de la ventanilla bancaria, optimizando la experiencia del usuario y reduciendo los costos operativos.<\/p>\n\n\n\n<p>El VTM I64A es f\u00e1cil de implementar en las sucursales bancarias y puede estar disponible con total disponibilidad las 24 horas del d\u00eda, los 7 d\u00edas de la semana, como una forma efectiva de expandir los canales de servicios bancarios m\u00e1s all\u00e1 del horario tradicional de las sucursales bancarias.<\/p>\n\n\n\n<p>Gracias a su capacidad de integrar servicios de ventanilla, cajeros autom\u00e1ticos, banca por Internet, banca m\u00f3vil y banca telef\u00f3nica, se trata verdaderamente de una plataforma multicanal, lo que abre el potencial para crear m\u00e1s opciones de transacciones y servicios.<\/p>\n\n\n\n<p>El equipo I64A se puede acoplar a sidecars con capacidad configurable para depositar efectivo (billetes, monedas) y cheques.<\/p>\n\n\n\n<div class=\"wp-block-file btn btn-newnote\"><a id=\"wp-block-file--media-ce8a4c1c-9988-4dc3-9eb8-e0e7484a5449\" href=\"https:\/\/www.newnote.pt\/wp-content\/uploads\/2022\/03\/NewNote_i64A_VTM.pdf\" target=\"_blank\" rel=\"noreferrer noopener\">Hoja de datos<\/a><\/div>\n\n\n<a href=\"#gb-gallery-1924331646\" id=\"gb-gallery-1924331646\" data-images=\"[&quot;https:\/\/www.newnote.pt\/wp-content\/uploads\/2022\/03\/I64A-1.jpeg&quot;, &quot;https:\/\/www.newnote.pt\/wp-content\/uploads\/2022\/03\/I64A-2.jpeg&quot;]\" class=\"gb-gallery btn btn-newnote\">Galeria de Imagens<\/a>\n\n\t<\/div>\n\n\n\n<div class=\"col-12 col-md-3\">\n\t\t\t\n\n<figure class=\"wp-block-image size-full\"><img decoding=\"async\" src=\"https:\/\/www.newnote.pt\/wp-content\/uploads\/2022\/03\/i64A.png\" alt=\"\" class=\"wp-image-660\"\/><\/figure>\n\t<\/div>\n\n<\/div>\n\n<\/div>\n<\/div><\/div>\n","protected":false},"excerpt":{"rendered":"<p>Los VTM GRGBanking son soluciones innovadoras y de alta seguridad para la automatizaci\u00f3n de los servicios bancarios y que aprovechan la tecnolog\u00eda de videoconferencia para integrar las ventajas de la asistencia de autoservicio asociada al servicio tradicional de una ventanilla bancaria, brindando una experiencia bancaria completa con menos espacio f\u00edsico. Gracias a su dise\u00f1o modular [&#8230;]<\/p>\n<p><a class=\"btn btn-secondary understrap-read-more-link\" href=\"https:\/\/www.newnote.pt\/es\/cajeros-virtuales-vtm\/\">Leer m\u00e1s&#8230;<span class=\"screen-reader-text\"> from Cajeros virtuales (VTM)<\/span><\/a><\/p>\n","protected":false},"author":1,"featured_media":0,"parent":0,"menu_order":0,"comment_status":"closed","ping_status":"closed","template":"","meta":{"footnotes":""},"class_list":["post-1796","page","type-page","status-publish","hentry"],"_links":{"self":[{"href":"https:\/\/www.newnote.pt\/es\/wp-json\/wp\/v2\/pages\/1796","targetHints":{"allow":["GET"]}}],"collection":[{"href":"https:\/\/www.newnote.pt\/es\/wp-json\/wp\/v2\/pages"}],"about":[{"href":"https:\/\/www.newnote.pt\/es\/wp-json\/wp\/v2\/types\/page"}],"author":[{"embeddable":true,"href":"https:\/\/www.newnote.pt\/es\/wp-json\/wp\/v2\/users\/1"}],"replies":[{"embeddable":true,"href":"https:\/\/www.newnote.pt\/es\/wp-json\/wp\/v2\/comments?post=1796"}],"version-history":[{"count":1,"href":"https:\/\/www.newnote.pt\/es\/wp-json\/wp\/v2\/pages\/1796\/revisions"}],"predecessor-version":[{"id":1797,"href":"https:\/\/www.newnote.pt\/es\/wp-json\/wp\/v2\/pages\/1796\/revisions\/1797"}],"wp:attachment":[{"href":"https:\/\/www.newnote.pt\/es\/wp-json\/wp\/v2\/media?parent=1796"}],"curies":[{"name":"wp","href":"https:\/\/api.w.org\/{rel}","templated":true}]}}